{"id":361,"date":"2023-12-29T18:38:49","date_gmt":"2023-12-29T17:38:49","guid":{"rendered":"https:\/\/guiaturisticoegipto.com\/politica-de-cookies\/"},"modified":"2023-12-29T18:38:49","modified_gmt":"2023-12-29T17:38:49","slug":"politica-de-cookies","status":"publish","type":"page","link":"https:\/\/guiaturisticoegipto.com\/pt-pt\/politica-de-cookies\/","title":{"rendered":"Pol\u00edtica de Cookies"},"content":{"rendered":"<h5>O que s\u00e3o cookies?<\/h5>\n<div class=\"cookie-policy-p\">\n<p>Esta Pol\u00edtica de Cookies explica o que s\u00e3o cookies e como os usamos, os tipos de cookies que usamos, ou seja, as informa\u00e7\u00f5es que coletamos usando cookies e como essas informa\u00e7\u00f5es s\u00e3o usadas, e como gerenciar as configura\u00e7\u00f5es de cookies.<\/p>\n<p>Cookies s\u00e3o pequenos arquivos de texto que s\u00e3o usados para armazenar pequenos peda\u00e7os de informa\u00e7\u00e3o. Eles s\u00e3o armazenados no seu dispositivo quando o site \u00e9 carregado no seu navegador. Estes cookies ajudam-nos a fazer com que o site funcione corretamente, a torn\u00e1-lo mais seguro, a proporcionar uma melhor experi\u00eancia ao utilizador e a compreender como o site funciona e a analisar o que funciona e onde precisa de ser melhorado.<\/p>\n<\/div>\n<h5>Como utilizamos os cookies?<\/h5>\n<div class=\"cookie-policy-p\">\n<p>Como a maioria dos servi\u00e7os online, nosso site usa cookies pr\u00f3prios e de terceiros para uma variedade de prop\u00f3sitos. Os cookies prim\u00e1rios s\u00e3o principalmente necess\u00e1rios para que o site funcione corretamente e n\u00e3o recolhem quaisquer dados pessoais identific\u00e1veis.<\/p>\n<p>Os cookies de terceiros usados em nosso site s\u00e3o usados principalmente para entender como o site funciona, como voc\u00ea interage com ele, manter a seguran\u00e7a de nossos servi\u00e7os, fornecer an\u00fancios que s\u00e3o relevantes para voc\u00ea e, finalmente, fornecer-lhe uma melhor experi\u00eancia de usu\u00e1rio e ajudar a acelerar suas futuras intera\u00e7\u00f5es com nosso site.<\/p>\n<\/div>\n<h5>Tipo de cookies que utilizamos<\/h5>\n<div class=\"cky-audit-table-element\"><\/div>\n<h5><strong>Destinat\u00e1rios dos seus dados<\/strong><\/h5>\n<p>Se consentir a instala\u00e7\u00e3o de cookies na mensagem que aparece quando visita a p\u00e1gina pela primeira vez, os seus dados ser\u00e3o processados pela Google para melhorar o seu conte\u00fado e oferec\u00ea-lo gratuitamente. Voc\u00ea pode ver mais detalhes no seguinte link <a href=\"https:\/\/policies.google.com\/technologies\/partner-sites\">https:\/\/policies.google.com\/technologies\/partner-sites<\/a><\/p>\n<h5 style=\"margin-bottom: 20px;\">Gerir prefer\u00eancias<\/h5>\n<p><a class=\"cky-banner-element\">Prefer\u00eancias de Cookies<\/a><\/p>\n<div>\n<p>Pode alterar as suas prefer\u00eancias de cookies a qualquer momento, clicando no bot\u00e3o acima. Isso permitir\u00e1 que voc\u00ea revisite o banner de consentimento de cookies e altere suas prefer\u00eancias ou retire seu consentimento imediatamente.<\/p>\n<p>Al\u00e9m disso, diferentes navegadores oferecem diferentes m\u00e9todos para bloquear e excluir cookies usados por sites. Pode alterar as defini\u00e7\u00f5es do seu navegador para bloquear ou eliminar cookies. Abaixo est\u00e3o links para documentos de apoio sobre como gerenciar e excluir cookies de todos os principais navegadores da web.<\/p>\n<p>Chrome: <a href=\"https:\/\/support.google.com\/accounts\/answer\/32050\" target=\"_blank\" rel=\"noopener noreferrer\">https:\/\/support.google.com\/accounts\/answer\/32050<\/a><\/p>\n<p>Saf\u00e1ri: <a href=\"https:\/\/support.apple.com\/en-in\/guide\/safari\/sfri11471\/mac\" target=\"_blank\" rel=\"noopener noreferrer\">https:\/\/support.apple.com\/en-in\/guide\/safari\/sfri11471\/mac<\/a><\/p>\n<p>Firefox: <a href=\"https:\/\/support.mozilla.org\/en-US\/kb\/clear-cookies-and-site-data-firefox?redirectslug=delete-cookies-remove-info-websites-stored&amp;redirectlocale=en-US\" target=\"_blank\" rel=\"noopener noreferrer\">https:\/\/support.mozilla.org\/en-US\/kb\/clear-cookies-and-site-data-firefox?redirectslug=delete-cookies-remove-info-websites-stored&amp;redirectlocale=en-US<\/a><\/p>\n<p>Internet Explorer: <a href=\"https:\/\/support.microsoft.com\/en-us\/topic\/how-to-delete-cookie-files-in-internet-explorer-bca9446f-d873-78de-77ba-d42645fa52fc\" target=\"_blank\" rel=\"noopener noreferrer\">https:\/\/support.microsoft.com\/en-us\/topic\/how-to-delete-cookie-files-in-internet-explorer-bca9446f-d873-78de-77ba-d42645fa52fc<\/a><\/p>\n<p>Se voc\u00ea usa qualquer outro navegador, consulte a documenta\u00e7\u00e3o oficial do seu navegador.<\/p>\n<\/div>\n","protected":false},"excerpt":{"rendered":"<p>O que s\u00e3o cookies? Esta Pol\u00edtica de Cookies explica o que s\u00e3o cookies e como os usamos, os tipos de cookies que usamos, ou seja, as informa\u00e7\u00f5es que coletamos usando cookies e como essas informa\u00e7\u00f5es s\u00e3o usadas, e como gerenciar as configura\u00e7\u00f5es de cookies. Cookies s\u00e3o pequenos arquivos de texto que s\u00e3o usados para armazenar&#8230;<\/p>\n","protected":false},"author":1,"featured_media":0,"parent":0,"menu_order":0,"comment_status":"closed","ping_status":"closed","template":"","meta":{"footnotes":""},"class_list":["post-361","page","type-page","status-publish","hentry"],"yoast_head":"<!-- This site is optimized with the Yoast SEO plugin v21.7 - https:\/\/yoast.com\/wordpress\/plugins\/seo\/ -->\n<title>Pol\u00edtica de Cookies - Gu\u00eda tur\u00edstico Egipto<\/title>\n<meta name=\"robots\" content=\"noindex, follow\" \/>\n<meta property=\"og:locale\" content=\"pt_PT\" \/>\n<meta property=\"og:type\" content=\"article\" \/>\n<meta property=\"og:title\" content=\"Pol\u00edtica de Cookies - Gu\u00eda tur\u00edstico Egipto\" \/>\n<meta property=\"og:description\" content=\"O que s\u00e3o cookies? Esta Pol\u00edtica de Cookies explica o que s\u00e3o cookies e como os usamos, os tipos de cookies que usamos, ou seja, as informa\u00e7\u00f5es que coletamos usando cookies e como essas informa\u00e7\u00f5es s\u00e3o usadas, e como gerenciar as configura\u00e7\u00f5es de cookies. Cookies s\u00e3o pequenos arquivos de texto que s\u00e3o usados para armazenar...\" \/>\n<meta property=\"og:url\" content=\"https:\/\/guiaturisticoegipto.com\/pt-pt\/politica-de-cookies\/\" \/>\n<meta property=\"og:site_name\" content=\"Gu\u00eda tur\u00edstico Egipto\" \/>\n<meta name=\"twitter:card\" content=\"summary_large_image\" \/>\n<meta name=\"twitter:label1\" content=\"Tempo estimado de leitura\" \/>\n\t<meta name=\"twitter:data1\" content=\"2 minutos\" \/>\n<script type=\"application\/ld+json\" class=\"yoast-schema-graph\">{\"@context\":\"https:\/\/schema.org\",\"@graph\":[{\"@type\":\"WebPage\",\"@id\":\"https:\/\/guiaturisticoegipto.com\/pt-pt\/politica-de-cookies\/\",\"url\":\"https:\/\/guiaturisticoegipto.com\/pt-pt\/politica-de-cookies\/\",\"name\":\"Pol\u00edtica de Cookies - Gu\u00eda tur\u00edstico Egipto\",\"isPartOf\":{\"@id\":\"https:\/\/guiaturisticoegipto.com\/pt-pt\/#website\"},\"datePublished\":\"2023-12-29T17:38:49+00:00\",\"dateModified\":\"2023-12-29T17:38:49+00:00\",\"breadcrumb\":{\"@id\":\"https:\/\/guiaturisticoegipto.com\/pt-pt\/politica-de-cookies\/#breadcrumb\"},\"inLanguage\":\"pt-PT\",\"potentialAction\":[{\"@type\":\"ReadAction\",\"target\":[\"https:\/\/guiaturisticoegipto.com\/pt-pt\/politica-de-cookies\/\"]}]},{\"@type\":\"BreadcrumbList\",\"@id\":\"https:\/\/guiaturisticoegipto.com\/pt-pt\/politica-de-cookies\/#breadcrumb\",\"itemListElement\":[{\"@type\":\"ListItem\",\"position\":1,\"name\":\"Portada\",\"item\":\"https:\/\/guiaturisticoegipto.com\/pt-pt\/\"},{\"@type\":\"ListItem\",\"position\":2,\"name\":\"Pol\u00edtica de Cookies\"}]},{\"@type\":\"WebSite\",\"@id\":\"https:\/\/guiaturisticoegipto.com\/pt-pt\/#website\",\"url\":\"https:\/\/guiaturisticoegipto.com\/pt-pt\/\",\"name\":\"Gu\u00eda tur\u00edstico Egipto\",\"description\":\"\",\"publisher\":{\"@id\":\"https:\/\/guiaturisticoegipto.com\/pt-pt\/#organization\"},\"potentialAction\":[{\"@type\":\"SearchAction\",\"target\":{\"@type\":\"EntryPoint\",\"urlTemplate\":\"https:\/\/guiaturisticoegipto.com\/pt-pt\/?s={search_term_string}\"},\"query-input\":\"required name=search_term_string\"}],\"inLanguage\":\"pt-PT\"},{\"@type\":\"Organization\",\"@id\":\"https:\/\/guiaturisticoegipto.com\/pt-pt\/#organization\",\"name\":\"Gu\u00eda tur\u00edstico Egipto\",\"url\":\"https:\/\/guiaturisticoegipto.com\/pt-pt\/\",\"logo\":{\"@type\":\"ImageObject\",\"inLanguage\":\"pt-PT\",\"@id\":\"https:\/\/guiaturisticoegipto.com\/pt-pt\/#\/schema\/logo\/image\/\",\"url\":\"https:\/\/guiaturisticoegipto.com\/wp-content\/uploads\/2023\/12\/logo.png\",\"contentUrl\":\"https:\/\/guiaturisticoegipto.com\/wp-content\/uploads\/2023\/12\/logo.png\",\"width\":723,\"height\":150,\"caption\":\"Gu\u00eda tur\u00edstico Egipto\"},\"image\":{\"@id\":\"https:\/\/guiaturisticoegipto.com\/pt-pt\/#\/schema\/logo\/image\/\"},\"sameAs\":[\"https:\/\/www.instagram.com\/egipto_viajesespanolportougues\/\"]}]}<\/script>\n<!-- \/ Yoast SEO plugin. -->","yoast_head_json":{"title":"Pol\u00edtica de Cookies - Gu\u00eda tur\u00edstico Egipto","robots":{"index":"noindex","follow":"follow"},"og_locale":"pt_PT","og_type":"article","og_title":"Pol\u00edtica de Cookies - Gu\u00eda tur\u00edstico Egipto","og_description":"O que s\u00e3o cookies? Esta Pol\u00edtica de Cookies explica o que s\u00e3o cookies e como os usamos, os tipos de cookies que usamos, ou seja, as informa\u00e7\u00f5es que coletamos usando cookies e como essas informa\u00e7\u00f5es s\u00e3o usadas, e como gerenciar as configura\u00e7\u00f5es de cookies. Cookies s\u00e3o pequenos arquivos de texto que s\u00e3o usados para armazenar...","og_url":"https:\/\/guiaturisticoegipto.com\/pt-pt\/politica-de-cookies\/","og_site_name":"Gu\u00eda tur\u00edstico Egipto","twitter_card":"summary_large_image","twitter_misc":{"Tempo estimado de leitura":"2 minutos"},"schema":{"@context":"https:\/\/schema.org","@graph":[{"@type":"WebPage","@id":"https:\/\/guiaturisticoegipto.com\/pt-pt\/politica-de-cookies\/","url":"https:\/\/guiaturisticoegipto.com\/pt-pt\/politica-de-cookies\/","name":"Pol\u00edtica de Cookies - Gu\u00eda tur\u00edstico Egipto","isPartOf":{"@id":"https:\/\/guiaturisticoegipto.com\/pt-pt\/#website"},"datePublished":"2023-12-29T17:38:49+00:00","dateModified":"2023-12-29T17:38:49+00:00","breadcrumb":{"@id":"https:\/\/guiaturisticoegipto.com\/pt-pt\/politica-de-cookies\/#breadcrumb"},"inLanguage":"pt-PT","potentialAction":[{"@type":"ReadAction","target":["https:\/\/guiaturisticoegipto.com\/pt-pt\/politica-de-cookies\/"]}]},{"@type":"BreadcrumbList","@id":"https:\/\/guiaturisticoegipto.com\/pt-pt\/politica-de-cookies\/#breadcrumb","itemListElement":[{"@type":"ListItem","position":1,"name":"Portada","item":"https:\/\/guiaturisticoegipto.com\/pt-pt\/"},{"@type":"ListItem","position":2,"name":"Pol\u00edtica de Cookies"}]},{"@type":"WebSite","@id":"https:\/\/guiaturisticoegipto.com\/pt-pt\/#website","url":"https:\/\/guiaturisticoegipto.com\/pt-pt\/","name":"Gu\u00eda tur\u00edstico Egipto","description":"","publisher":{"@id":"https:\/\/guiaturisticoegipto.com\/pt-pt\/#organization"},"potentialAction":[{"@type":"SearchAction","target":{"@type":"EntryPoint","urlTemplate":"https:\/\/guiaturisticoegipto.com\/pt-pt\/?s={search_term_string}"},"query-input":"required name=search_term_string"}],"inLanguage":"pt-PT"},{"@type":"Organization","@id":"https:\/\/guiaturisticoegipto.com\/pt-pt\/#organization","name":"Gu\u00eda tur\u00edstico Egipto","url":"https:\/\/guiaturisticoegipto.com\/pt-pt\/","logo":{"@type":"ImageObject","inLanguage":"pt-PT","@id":"https:\/\/guiaturisticoegipto.com\/pt-pt\/#\/schema\/logo\/image\/","url":"https:\/\/guiaturisticoegipto.com\/wp-content\/uploads\/2023\/12\/logo.png","contentUrl":"https:\/\/guiaturisticoegipto.com\/wp-content\/uploads\/2023\/12\/logo.png","width":723,"height":150,"caption":"Gu\u00eda tur\u00edstico Egipto"},"image":{"@id":"https:\/\/guiaturisticoegipto.com\/pt-pt\/#\/schema\/logo\/image\/"},"sameAs":["https:\/\/www.instagram.com\/egipto_viajesespanolportougues\/"]}]}},"_links":{"self":[{"href":"https:\/\/guiaturisticoegipto.com\/pt-pt\/wp-json\/wp\/v2\/pages\/361","targetHints":{"allow":["GET"]}}],"collection":[{"href":"https:\/\/guiaturisticoegipto.com\/pt-pt\/wp-json\/wp\/v2\/pages"}],"about":[{"href":"https:\/\/guiaturisticoegipto.com\/pt-pt\/wp-json\/wp\/v2\/types\/page"}],"author":[{"embeddable":true,"href":"https:\/\/guiaturisticoegipto.com\/pt-pt\/wp-json\/wp\/v2\/users\/1"}],"replies":[{"embeddable":true,"href":"https:\/\/guiaturisticoegipto.com\/pt-pt\/wp-json\/wp\/v2\/comments?post=361"}],"version-history":[{"count":0,"href":"https:\/\/guiaturisticoegipto.com\/pt-pt\/wp-json\/wp\/v2\/pages\/361\/revisions"}],"wp:attachment":[{"href":"https:\/\/guiaturisticoegipto.com\/pt-pt\/wp-json\/wp\/v2\/media?parent=361"}],"curies":[{"name":"wp","href":"https:\/\/api.w.org\/{rel}","templated":true}]}}