{"id":350,"date":"2023-12-08T13:26:43","date_gmt":"2023-12-08T12:26:43","guid":{"rendered":"https:\/\/guiaturisticoegipto.com\/guia-turistico-privado-no-egito\/"},"modified":"2026-01-09T18:17:44","modified_gmt":"2026-01-09T17:17:44","slug":"guia-turistico-privado-no-egito","status":"publish","type":"page","link":"https:\/\/guiaturisticoegipto.com\/pt-pt\/guia-turistico-privado-no-egito\/","title":{"rendered":"Guia tur\u00edstico privado no Egito"},"content":{"rendered":"<section class=\"l-section wpb_row height_auto full_height valign_center color_alternate with_img parallax_ver parallax_xpos_right\" id=\"Introdu\u00e7\u00e3o\"><div class=\"l-section-img\" role=\"img\" data-img-width=\"1900\" data-img-height=\"875\" style=\"background-image: url(https:\/\/guiaturisticoegipto.com\/wp-content\/uploads\/2023\/12\/massoud-guia-turistico-egipto-quiensoy-removebg.jpg);background-position: center right;background-repeat: no-repeat;\"><\/div><div class=\"l-section-overlay\" style=\"background:linear-gradient(180deg,rgba(255,255,255,0),rgba(255,255,255,0.25))\"><\/div><div class=\"l-section-h i-cf\"><div class=\"g-cols vc_row via_flex valign_middle type_default stacking_default\"><div class=\"vc_col-sm-12 wpb_column vc_column_container\"><div class=\"vc_column-inner\"><div class=\"wpb_wrapper\"><div class=\"g-cols wpb_row via_flex valign_middle type_default stacking_default\"><div class=\"vc_col-sm-8 wpb_column vc_column_container\"><div class=\"vc_column-inner us_custom_b53a5b85\"><div class=\"wpb_wrapper\"><h1 class=\"w-text us_custom_b8b544a6\"><span class=\"w-text-h\"><span class=\"w-text-value\">GUIA TUR\u00cdSTICO PRIVADO NO EGITO<\/span><\/span><\/h1><div class=\"wpb_text_column us_custom_740b3b12 has_text_color\"><div class=\"wpb_wrapper\"><p>Descubra um destino \u00fanico, mergulhe em mais de 5.000 anos de hist\u00f3ria viajando ao longo do rio Nilo com viagens privadas e personalizadas.<\/p>\n<p>Explore monumentos fara\u00f4nicos, navegue em um cruzeiro privado no Nilo e descubra templos cheios de mist\u00e9rio em uma viagem feita 100% \u00e0s suas necessidades.<\/p>\n<\/div><\/div><div class=\"w-separator size_small\"><\/div><div class=\"w-btn-wrapper align_none\"><a class=\"w-btn us-btn-style_2 icon_atleft\" href=\"#intro\"><i class=\"fas fa-arrow-down\"><\/i><span class=\"w-btn-label\">VER MAIS<\/span><\/a><\/div><div class=\"w-btn-wrapper align_none\"><a class=\"w-btn us-btn-style_1 icon_atleft\" href=\"https:\/\/guiaturisticoegipto.com\/pt-pt\/contato\/\"><i class=\"fas fa-hand-pointer\"><\/i><span class=\"w-btn-label\">CONTATO<\/span><\/a><\/div><\/div><\/div><\/div><div class=\"vc_col-sm-4 wpb_column vc_column_container\"><div class=\"vc_column-inner\"><div class=\"wpb_wrapper\"><\/div><\/div><\/div><\/div><div class=\"w-separator size_small\"><\/div><\/div><\/div><\/div><\/div><\/div><\/section><section class=\"l-section wpb_row height_medium\" id=\"Entrar\"><div class=\"l-section-h i-cf\"><div class=\"g-cols vc_row via_flex valign_top type_default stacking_default\"><div class=\"vc_col-sm-12 wpb_column vc_column_container\"><div class=\"vc_column-inner\"><div class=\"wpb_wrapper\"><div class=\"g-cols wpb_row via_flex valign_middle type_default stacking_default\"><div class=\"vc_col-sm-2 wpb_column vc_column_container\"><div class=\"vc_column-inner\"><div class=\"wpb_wrapper\"><\/div><\/div><\/div><div class=\"vc_col-sm-8 wpb_column vc_column_container\"><div class=\"vc_column-inner\"><div class=\"wpb_wrapper\"><div class=\"wpb_text_column\"><div class=\"wpb_wrapper\"><div style=\"width: 1140px;\" class=\"wp-video\"><video class=\"wp-video-shortcode\" id=\"video-350-1\" width=\"1140\" height=\"641\" preload=\"metadata\" controls=\"controls\"><source type=\"video\/mp4\" src=\"https:\/\/guiaturisticoegipto.com\/wp-content\/uploads\/2026\/01\/guia-massoud-pt.mp4?_=1\" \/><a href=\"https:\/\/guiaturisticoegipto.com\/wp-content\/uploads\/2026\/01\/guia-massoud-pt.mp4\">https:\/\/guiaturisticoegipto.com\/wp-content\/uploads\/2026\/01\/guia-massoud-pt.mp4<\/a><\/video><\/div>\n<\/div><\/div><div class=\"w-separator size_small\"><\/div><h2 class=\"w-text us_custom_aa553ba9\"><span class=\"w-text-h\"><span class=\"w-text-value\">EXCURS\u00d5ES PRIVADAS AO EGITO<\/span><\/span><\/h2><div class=\"wpb_text_column\"><div class=\"wpb_wrapper\"><p><strong>Eu sou Massoud El Sayed e se voc\u00ea est\u00e1 procurando uma viagem personalizada para o Egito, continue lendo.<\/strong><\/p>\n<p><strong>Tenho mais de 20 anos de experi\u00eancia como agente de viagens.<\/strong><\/p>\n<p>Eu organizo viagens sob medida para o Egito, adaptando-me 100% \u00e0s suas necessidades, projetando experi\u00eancias \u00fanicas que incluem um guia de l\u00edngua inglesa, acomoda\u00e7\u00f5es exclusivas, transporte privado e atividades sob medida.<\/p>\n<p>Os nossos tours privados no Egito oferecem-lhe a m\u00e1xima liberdade. Ideal para casais, fam\u00edlias ou pequenos grupos, pode escolher entre uma variedade de op\u00e7\u00f5es e adaptar cada detalhe de acordo com os seus desejos. Modifique a dura\u00e7\u00e3o total, o tempo em cada destino, o meio de transporte ou o tipo de alojamento da sua escolha. Em cada viagem, voc\u00ea est\u00e1 no controle total para uma experi\u00eancia inesquec\u00edvel no Egito<\/p>\n<\/div><\/div><\/div><\/div><\/div><div class=\"vc_col-sm-2 wpb_column vc_column_container\"><div class=\"vc_column-inner\"><div class=\"wpb_wrapper\"><\/div><\/div><\/div><\/div><\/div><\/div><\/div><\/div><\/div><\/section><section class=\"l-section wpb_row height_medium width_full\"><div class=\"l-section-h i-cf\"><div class=\"g-cols vc_row via_flex valign_top type_default stacking_default\"><div class=\"vc_col-sm-12 wpb_column vc_column_container\"><div class=\"vc_column-inner\"><div class=\"wpb_wrapper\"><section class=\"l-section wpb_row us_custom_758c1daf height_medium color_alternate\"><div class=\"l-section-overlay\" style=\"background:rgba(255,255,255,0.40)\"><\/div><div class=\"l-section-h i-cf\"><div class=\"g-cols vc_row via_flex valign_top type_default stacking_default\"><div class=\"vc_col-sm-12 wpb_column vc_column_container\"><div class=\"vc_column-inner\"><div class=\"wpb_wrapper\"><h2 class=\"w-text us_custom_80ad2e0c\"><span class=\"w-text-h\"><span class=\"w-text-value\">AS MINHAS GARANTIAS<\/span><\/span><\/h2><div class=\"w-separator size_medium\"><\/div><div class=\"g-cols wpb_row us_custom_2eec13b6 via_flex valign_top type_default stacking_default\"><div class=\"vc_col-sm-3 wpb_column vc_column_container\"><div class=\"vc_column-inner us_custom_8e09cc6b\"><div class=\"wpb_wrapper\"><div class=\"w-iconbox iconpos_top style_default color_contrast align_center no_text\"><div class=\"w-iconbox-icon\" style=\"font-size:3rem;\"><i class=\"fas fa-check\"><\/i><\/div><div class=\"w-iconbox-meta\"><div class=\"w-iconbox-title\" style=\"font-size:1.4rem;\">Mais de 20 anos como guia tur\u00edstico<\/div><\/div><\/div><\/div><\/div><\/div><div class=\"vc_col-sm-3 wpb_column vc_column_container\"><div class=\"vc_column-inner\"><div class=\"wpb_wrapper\"><div class=\"w-iconbox iconpos_top style_default color_contrast align_center no_text\"><div class=\"w-iconbox-icon\" style=\"font-size:3rem;\"><i class=\"fas fa-language\"><\/i><\/div><div class=\"w-iconbox-meta\"><div class=\"w-iconbox-title\" style=\"font-size:1.4rem;\">Guia tur\u00edstico em espanhol e portugu\u00eas<\/div><\/div><\/div><\/div><\/div><\/div><div class=\"vc_col-sm-3 wpb_column vc_column_container\"><div class=\"vc_column-inner\"><div class=\"wpb_wrapper\"><div class=\"w-iconbox iconpos_top style_default color_contrast align_center no_text\"><div class=\"w-iconbox-icon\" style=\"font-size:3rem;\"><i class=\"fas fa-ankh\"><\/i><\/div><div class=\"w-iconbox-meta\"><div class=\"w-iconbox-title\" style=\"font-size:1.4rem;\">egipt\u00f3logo e guia especializado<\/div><\/div><\/div><\/div><\/div><\/div><div class=\"vc_col-sm-3 wpb_column vc_column_container\"><div class=\"vc_column-inner\"><div class=\"wpb_wrapper\"><div class=\"w-iconbox iconpos_top style_default color_contrast align_center no_text\"><div class=\"w-iconbox-icon\" style=\"font-size:3rem;\"><i class=\"fas fa-car\"><\/i><\/div><div class=\"w-iconbox-meta\"><div class=\"w-iconbox-title\" style=\"font-size:1.4rem;\">Ve\u00edculo &amp; Transporte Privado<\/div><\/div><\/div><\/div><\/div><\/div><\/div><\/div><\/div><\/div><\/div><\/div><\/section>\n<\/div><\/div><\/div><\/div><\/div><\/section><section class=\"l-section wpb_row height_medium\"><div class=\"l-section-h i-cf\"><div class=\"g-cols vc_row via_flex valign_top type_default stacking_default\"><div class=\"vc_col-sm-12 wpb_column vc_column_container\"><div class=\"vc_column-inner\"><div class=\"wpb_wrapper\"><div class=\"g-cols wpb_row via_flex valign_top type_default stacking_default\"><div class=\"vc_col-sm-8 wpb_column vc_column_container\"><div class=\"vc_column-inner\"><div class=\"wpb_wrapper\"><h2 class=\"w-text us_custom_fd0b214e\"><span class=\"w-text-h\"><span class=\"w-text-value\">Descubra o Egito com um guia tur\u00edstico local garantido<\/span><\/span><\/h2><div class=\"wpb_text_column\"><div class=\"wpb_wrapper\"><p>Explorar o Egito \u00e9 uma experi\u00eancia fascinante que se torna ainda mais enriquecedora quando voc\u00ea \u00e9 acompanhado por um guia tur\u00edstico experiente. Mergulhar na rica hist\u00f3ria, cultura cativante e tesouros arqueol\u00f3gicos deste pa\u00eds \u00e9 uma aventura que merece ser desfrutada ao m\u00e1ximo.<\/p>\n<h3>Junte-se a mim e desfrute de uma experi\u00eancia incompar\u00e1vel no Egito<\/h3>\n<p><strong>Egiptologista profissional h\u00e1 mais de 20 anos<\/strong>: Um guia tur\u00edstico no Egito n\u00e3o \u00e9 apenas um acompanhante, ele \u00e9 um especialista apaixonado por compartilhar a hist\u00f3ria e os segredos deste maravilhoso pa\u00eds. Com conhecimento aprofundado e vasta experi\u00eancia, ele ir\u00e1 gui\u00e1-lo atrav\u00e9s dos destaques e cantos menos conhecidos com entusiasmo e profissionalismo.<\/p>\n<p><strong>Acesso privilegiado a monumentos<\/strong>: Descubra as majestosas pir\u00e2mides, templos impressionantes e s\u00edtios arqueol\u00f3gicos com acesso privilegiado. Um guia tur\u00edstico no Egito n\u00e3o s\u00f3 leva voc\u00ea a esses pontos tur\u00edsticos ic\u00f4nicos, mas tamb\u00e9m fornece informa\u00e7\u00f5es detalhadas e anedotas fascinantes que enriquecem sua experi\u00eancia.<\/p>\n<p><strong>Itiner\u00e1rios personalizados<\/strong>: Cada viagem \u00e9 \u00fanica. Um guia tur\u00edstico no Egito criar\u00e1 itiner\u00e1rios adaptados \u00e0s suas prefer\u00eancias e tempo. De explora\u00e7\u00f5es culturais a aventuras no deserto e cruzeiros no Nilo, seus interesses e gostos ser\u00e3o a base para criar uma viagem sob medida que se adapte a voc\u00ea.<\/p>\n<h3>Por que escolher um guia tur\u00edstico no Egito?<\/h3>\n<p><strong>Profundidade Cultural<\/strong>: Mergulhe na autenticidade e diversidade cultural do Egito. Com um guia tur\u00edstico local, voc\u00ea entrar\u00e1 na vida cotidiana, descobrir\u00e1 a culin\u00e1ria local e explorar\u00e1 tradi\u00e7\u00f5es profundamente enraizadas que apenas um local pode lhe mostrar.<\/p>\n<p>Conforto e seguran\u00e7a: A <strong>seguran\u00e7a e<\/strong> a comodidade s\u00e3o fundamentais quando se viaja, especialmente num novo pa\u00eds. Um guia tur\u00edstico no Egito n\u00e3o s\u00f3 fornece informa\u00e7\u00f5es valiosas, mas tamb\u00e9m garante uma viagem segura e sem preocupa\u00e7\u00f5es.<\/p>\n<p><strong>Aprendizado constante<\/strong>: De detalhes hist\u00f3ricos a aspetos culturais, um guia tur\u00edstico no Egito expandir\u00e1 seu conhecimento e compreens\u00e3o deste pa\u00eds fascinante. Voc\u00ea vai aprender muito mais do que os livros podem oferecer.<\/p>\n<h3>Desfrute de uma viagem \u00fanica com Massoud, seu guia tur\u00edstico confi\u00e1vel no Egito<\/h3>\n<p>Um guia tur\u00edstico no Egito n\u00e3o mostra apenas lugares, eles lhe d\u00e3o uma experi\u00eancia enriquecedora e memor\u00e1vel. De caminhadas por marcos lend\u00e1rios a passeios por mercados movimentados e vistas do nascer do sol no deserto, um guia \u00e9 o seu companheiro perfeito para explorar este pa\u00eds antigo e misterioso. Prepare-se para descobrir o Egito da maneira mais aut\u00eantica e emocionante!<\/p>\n<\/div><\/div><\/div><\/div><\/div><div class=\"vc_col-sm-4 wpb_column vc_column_container\"><div class=\"vc_column-inner\"><div class=\"wpb_wrapper\"><div class=\"w-image align_none\"><div class=\"w-image-h\"><img loading=\"lazy\" decoding=\"async\" width=\"450\" height=\"600\" src=\"https:\/\/guiaturisticoegipto.com\/wp-content\/uploads\/2023\/12\/massoud-guia-turistico-1-v.jpeg\" class=\"attachment-large size-large\" alt=\"\" srcset=\"https:\/\/guiaturisticoegipto.com\/wp-content\/uploads\/2023\/12\/massoud-guia-turistico-1-v.jpeg 450w, https:\/\/guiaturisticoegipto.com\/wp-content\/uploads\/2023\/12\/massoud-guia-turistico-1-v-225x300.jpeg 225w\" sizes=\"auto, (max-width: 450px) 100vw, 450px\" \/><\/div><\/div><div class=\"w-separator size_small\"><\/div><div class=\"w-image align_none\"><div class=\"w-image-h\"><img loading=\"lazy\" decoding=\"async\" width=\"576\" height=\"600\" src=\"https:\/\/guiaturisticoegipto.com\/wp-content\/uploads\/2023\/12\/massoud-guia-turistico-2-v.jpeg\" class=\"attachment-large size-large\" alt=\"\" srcset=\"https:\/\/guiaturisticoegipto.com\/wp-content\/uploads\/2023\/12\/massoud-guia-turistico-2-v.jpeg 576w, https:\/\/guiaturisticoegipto.com\/wp-content\/uploads\/2023\/12\/massoud-guia-turistico-2-v-288x300.jpeg 288w\" sizes=\"auto, (max-width: 576px) 100vw, 576px\" \/><\/div><\/div><div class=\"w-separator size_small\"><\/div><div class=\"w-image align_none\"><div class=\"w-image-h\"><img loading=\"lazy\" decoding=\"async\" width=\"709\" height=\"893\" src=\"https:\/\/guiaturisticoegipto.com\/wp-content\/uploads\/2023\/12\/guia-turistico-en-egipto-4-v.jpeg\" class=\"attachment-large size-large\" alt=\"\" srcset=\"https:\/\/guiaturisticoegipto.com\/wp-content\/uploads\/2023\/12\/guia-turistico-en-egipto-4-v.jpeg 709w, https:\/\/guiaturisticoegipto.com\/wp-content\/uploads\/2023\/12\/guia-turistico-en-egipto-4-v-238x300.jpeg 238w\" sizes=\"auto, (max-width: 709px) 100vw, 709px\" \/><\/div><\/div><\/div><\/div><\/div><\/div><\/div><\/div><\/div><\/div><\/div><\/section>\n","protected":false},"excerpt":{"rendered":"GUIA TUR\u00cdSTICO PRIVADO NO EGITODescubra um destino \u00fanico, mergulhe em mais de 5.000 anos de hist\u00f3ria viajando ao longo do rio Nilo com viagens privadas e personalizadas. Explore monumentos fara\u00f4nicos, navegue em um cruzeiro privado no Nilo e descubra templos cheios de mist\u00e9rio em uma viagem feita 100% \u00e0s suas necessidades. VER MAISCONTATOhttps:\/\/guiaturisticoegipto.com\/wp-content\/uploads\/2026\/01\/guia-massoud-pt.mp4 EXCURS\u00d5ES PRIVADAS...","protected":false},"author":1,"featured_media":0,"parent":0,"menu_order":0,"comment_status":"closed","ping_status":"closed","template":"","meta":{"footnotes":""},"class_list":["post-350","page","type-page","status-publish","hentry"],"yoast_head":"<!-- This site is optimized with the Yoast SEO plugin v21.7 - https:\/\/yoast.com\/wordpress\/plugins\/seo\/ -->\n<title>Guia tur\u00edstico privado no Egito - Gu\u00eda tur\u00edstico Egipto<\/title>\n<meta name=\"description\" content=\"Viagens privadas e personalizadas. Explore o antigo Egito em uma viagem feita 100% ao seu gosto. Mais de 20 anos de experi\u00eancia\" \/>\n<meta name=\"robots\" content=\"index, follow, max-snippet:-1, max-image-preview:large, max-video-preview:-1\" \/>\n<link rel=\"canonical\" href=\"https:\/\/guiaturisticoegipto.com\/pt-pt\/guia-turistico-privado-no-egito\/\" \/>\n<meta property=\"og:locale\" content=\"pt_PT\" \/>\n<meta property=\"og:type\" content=\"article\" \/>\n<meta property=\"og:title\" content=\"Guia tur\u00edstico privado no Egito - Gu\u00eda tur\u00edstico Egipto\" \/>\n<meta property=\"og:description\" content=\"Viagens privadas e personalizadas. Explore o antigo Egito em uma viagem feita 100% ao seu gosto. Mais de 20 anos de experi\u00eancia\" \/>\n<meta property=\"og:url\" content=\"https:\/\/guiaturisticoegipto.com\/pt-pt\/guia-turistico-privado-no-egito\/\" \/>\n<meta property=\"og:site_name\" content=\"Gu\u00eda tur\u00edstico Egipto\" \/>\n<meta property=\"article:modified_time\" content=\"2026-01-09T17:17:44+00:00\" \/>\n<meta name=\"twitter:card\" content=\"summary_large_image\" \/>\n<meta name=\"twitter:label1\" content=\"Tempo estimado de leitura\" \/>\n\t<meta name=\"twitter:data1\" content=\"3 minutos\" \/>\n<script type=\"application\/ld+json\" class=\"yoast-schema-graph\">{\"@context\":\"https:\/\/schema.org\",\"@graph\":[{\"@type\":\"WebPage\",\"@id\":\"https:\/\/guiaturisticoegipto.com\/pt-pt\/guia-turistico-privado-no-egito\/\",\"url\":\"https:\/\/guiaturisticoegipto.com\/pt-pt\/guia-turistico-privado-no-egito\/\",\"name\":\"Guia tur\u00edstico privado no Egito - Gu\u00eda tur\u00edstico Egipto\",\"isPartOf\":{\"@id\":\"https:\/\/guiaturisticoegipto.com\/pt-pt\/#website\"},\"datePublished\":\"2023-12-08T12:26:43+00:00\",\"dateModified\":\"2026-01-09T17:17:44+00:00\",\"description\":\"Viagens privadas e personalizadas. Explore o antigo Egito em uma viagem feita 100% ao seu gosto. Mais de 20 anos de experi\u00eancia\",\"breadcrumb\":{\"@id\":\"https:\/\/guiaturisticoegipto.com\/pt-pt\/guia-turistico-privado-no-egito\/#breadcrumb\"},\"inLanguage\":\"pt-PT\",\"potentialAction\":[{\"@type\":\"ReadAction\",\"target\":[\"https:\/\/guiaturisticoegipto.com\/pt-pt\/guia-turistico-privado-no-egito\/\"]}]},{\"@type\":\"BreadcrumbList\",\"@id\":\"https:\/\/guiaturisticoegipto.com\/pt-pt\/guia-turistico-privado-no-egito\/#breadcrumb\",\"itemListElement\":[{\"@type\":\"ListItem\",\"position\":1,\"name\":\"Portada\",\"item\":\"https:\/\/guiaturisticoegipto.com\/pt-pt\/\"},{\"@type\":\"ListItem\",\"position\":2,\"name\":\"Guia tur\u00edstico privado no Egito\"}]},{\"@type\":\"WebSite\",\"@id\":\"https:\/\/guiaturisticoegipto.com\/pt-pt\/#website\",\"url\":\"https:\/\/guiaturisticoegipto.com\/pt-pt\/\",\"name\":\"Gu\u00eda tur\u00edstico Egipto\",\"description\":\"\",\"publisher\":{\"@id\":\"https:\/\/guiaturisticoegipto.com\/pt-pt\/#organization\"},\"potentialAction\":[{\"@type\":\"SearchAction\",\"target\":{\"@type\":\"EntryPoint\",\"urlTemplate\":\"https:\/\/guiaturisticoegipto.com\/pt-pt\/?s={search_term_string}\"},\"query-input\":\"required name=search_term_string\"}],\"inLanguage\":\"pt-PT\"},{\"@type\":\"Organization\",\"@id\":\"https:\/\/guiaturisticoegipto.com\/pt-pt\/#organization\",\"name\":\"Gu\u00eda tur\u00edstico Egipto\",\"url\":\"https:\/\/guiaturisticoegipto.com\/pt-pt\/\",\"logo\":{\"@type\":\"ImageObject\",\"inLanguage\":\"pt-PT\",\"@id\":\"https:\/\/guiaturisticoegipto.com\/pt-pt\/#\/schema\/logo\/image\/\",\"url\":\"https:\/\/guiaturisticoegipto.com\/wp-content\/uploads\/2023\/12\/logo.png\",\"contentUrl\":\"https:\/\/guiaturisticoegipto.com\/wp-content\/uploads\/2023\/12\/logo.png\",\"width\":723,\"height\":150,\"caption\":\"Gu\u00eda tur\u00edstico Egipto\"},\"image\":{\"@id\":\"https:\/\/guiaturisticoegipto.com\/pt-pt\/#\/schema\/logo\/image\/\"},\"sameAs\":[\"https:\/\/www.instagram.com\/egipto_viajesespanolportougues\/\"]}]}<\/script>\n<!-- \/ Yoast SEO plugin. -->","yoast_head_json":{"title":"Guia tur\u00edstico privado no Egito - Gu\u00eda tur\u00edstico Egipto","description":"Viagens privadas e personalizadas. Explore o antigo Egito em uma viagem feita 100% ao seu gosto. Mais de 20 anos de experi\u00eancia","robots":{"index":"index","follow":"follow","max-snippet":"max-snippet:-1","max-image-preview":"max-image-preview:large","max-video-preview":"max-video-preview:-1"},"canonical":"https:\/\/guiaturisticoegipto.com\/pt-pt\/guia-turistico-privado-no-egito\/","og_locale":"pt_PT","og_type":"article","og_title":"Guia tur\u00edstico privado no Egito - Gu\u00eda tur\u00edstico Egipto","og_description":"Viagens privadas e personalizadas. Explore o antigo Egito em uma viagem feita 100% ao seu gosto. Mais de 20 anos de experi\u00eancia","og_url":"https:\/\/guiaturisticoegipto.com\/pt-pt\/guia-turistico-privado-no-egito\/","og_site_name":"Gu\u00eda tur\u00edstico Egipto","article_modified_time":"2026-01-09T17:17:44+00:00","twitter_card":"summary_large_image","twitter_misc":{"Tempo estimado de leitura":"3 minutos"},"schema":{"@context":"https:\/\/schema.org","@graph":[{"@type":"WebPage","@id":"https:\/\/guiaturisticoegipto.com\/pt-pt\/guia-turistico-privado-no-egito\/","url":"https:\/\/guiaturisticoegipto.com\/pt-pt\/guia-turistico-privado-no-egito\/","name":"Guia tur\u00edstico privado no Egito - Gu\u00eda tur\u00edstico Egipto","isPartOf":{"@id":"https:\/\/guiaturisticoegipto.com\/pt-pt\/#website"},"datePublished":"2023-12-08T12:26:43+00:00","dateModified":"2026-01-09T17:17:44+00:00","description":"Viagens privadas e personalizadas. Explore o antigo Egito em uma viagem feita 100% ao seu gosto. Mais de 20 anos de experi\u00eancia","breadcrumb":{"@id":"https:\/\/guiaturisticoegipto.com\/pt-pt\/guia-turistico-privado-no-egito\/#breadcrumb"},"inLanguage":"pt-PT","potentialAction":[{"@type":"ReadAction","target":["https:\/\/guiaturisticoegipto.com\/pt-pt\/guia-turistico-privado-no-egito\/"]}]},{"@type":"BreadcrumbList","@id":"https:\/\/guiaturisticoegipto.com\/pt-pt\/guia-turistico-privado-no-egito\/#breadcrumb","itemListElement":[{"@type":"ListItem","position":1,"name":"Portada","item":"https:\/\/guiaturisticoegipto.com\/pt-pt\/"},{"@type":"ListItem","position":2,"name":"Guia tur\u00edstico privado no Egito"}]},{"@type":"WebSite","@id":"https:\/\/guiaturisticoegipto.com\/pt-pt\/#website","url":"https:\/\/guiaturisticoegipto.com\/pt-pt\/","name":"Gu\u00eda tur\u00edstico Egipto","description":"","publisher":{"@id":"https:\/\/guiaturisticoegipto.com\/pt-pt\/#organization"},"potentialAction":[{"@type":"SearchAction","target":{"@type":"EntryPoint","urlTemplate":"https:\/\/guiaturisticoegipto.com\/pt-pt\/?s={search_term_string}"},"query-input":"required name=search_term_string"}],"inLanguage":"pt-PT"},{"@type":"Organization","@id":"https:\/\/guiaturisticoegipto.com\/pt-pt\/#organization","name":"Gu\u00eda tur\u00edstico Egipto","url":"https:\/\/guiaturisticoegipto.com\/pt-pt\/","logo":{"@type":"ImageObject","inLanguage":"pt-PT","@id":"https:\/\/guiaturisticoegipto.com\/pt-pt\/#\/schema\/logo\/image\/","url":"https:\/\/guiaturisticoegipto.com\/wp-content\/uploads\/2023\/12\/logo.png","contentUrl":"https:\/\/guiaturisticoegipto.com\/wp-content\/uploads\/2023\/12\/logo.png","width":723,"height":150,"caption":"Gu\u00eda tur\u00edstico Egipto"},"image":{"@id":"https:\/\/guiaturisticoegipto.com\/pt-pt\/#\/schema\/logo\/image\/"},"sameAs":["https:\/\/www.instagram.com\/egipto_viajesespanolportougues\/"]}]}},"_links":{"self":[{"href":"https:\/\/guiaturisticoegipto.com\/pt-pt\/wp-json\/wp\/v2\/pages\/350","targetHints":{"allow":["GET"]}}],"collection":[{"href":"https:\/\/guiaturisticoegipto.com\/pt-pt\/wp-json\/wp\/v2\/pages"}],"about":[{"href":"https:\/\/guiaturisticoegipto.com\/pt-pt\/wp-json\/wp\/v2\/types\/page"}],"author":[{"embeddable":true,"href":"https:\/\/guiaturisticoegipto.com\/pt-pt\/wp-json\/wp\/v2\/users\/1"}],"replies":[{"embeddable":true,"href":"https:\/\/guiaturisticoegipto.com\/pt-pt\/wp-json\/wp\/v2\/comments?post=350"}],"version-history":[{"count":3,"href":"https:\/\/guiaturisticoegipto.com\/pt-pt\/wp-json\/wp\/v2\/pages\/350\/revisions"}],"predecessor-version":[{"id":427,"href":"https:\/\/guiaturisticoegipto.com\/pt-pt\/wp-json\/wp\/v2\/pages\/350\/revisions\/427"}],"wp:attachment":[{"href":"https:\/\/guiaturisticoegipto.com\/pt-pt\/wp-json\/wp\/v2\/media?parent=350"}],"curies":[{"name":"wp","href":"https:\/\/api.w.org\/{rel}","templated":true}]}}