{"id":341,"date":"2023-12-06T16:45:58","date_gmt":"2023-12-06T15:45:58","guid":{"rendered":"https:\/\/guiaturisticoegipto.com\/politica-de-privacidade\/"},"modified":"2024-02-16T20:05:53","modified_gmt":"2024-02-16T19:05:53","slug":"politica-de-privacidade","status":"publish","type":"page","link":"https:\/\/guiaturisticoegipto.com\/pt-pt\/politica-de-privacidade\/","title":{"rendered":"Pol\u00edtica de Privacidade"},"content":{"rendered":"<section class=\"l-section wpb_row height_medium\"><div class=\"l-section-h i-cf\"><div class=\"g-cols vc_row via_flex valign_top type_default stacking_default\"><div class=\"vc_col-sm-12 wpb_column vc_column_container\"><div class=\"vc_column-inner\"><div class=\"wpb_wrapper\"><div class=\"wpb_text_column\"><div class=\"wpb_wrapper\"><h1>Aviso Legal \u2013 Privacidade e Prote\u00e7\u00e3o de Dados<\/h1>\n<h2>1. INFORMA\u00c7\u00d5ES GERAIS<\/h2>\n<p>Dados gerais e de contacto: Massoud El Sayed , residente em 15 Mostafa Kamel, El Talatiny, Haram, Giz\u00e9, Egito<br \/>\nTelefone: +20 114 737 8331<\/p>\n<p>E-mail: info@guiaturisticoegipto.com<\/p>\n<h2>2. PRIVACIDADE E PROTE\u00c7\u00c3O DE DADOS<\/h2>\n<p>De acordo com a Lei Org\u00e2nica 15\/1999, de 13 de dezembro, sobre a Prote\u00e7\u00e3o de Dados Pessoais (doravante, LOPD) e de acordo com o Regulamento Geral de Prote\u00e7\u00e3o de Dados publicado em 25 de maio de 2016 (GDPR), e o Regulamento RD-1720\/2007, Massoud El Sayed adaptou o atual tratamento de dados pessoais \u00e0s mudan\u00e7as e novidades.  sabendo que o RGPD \u00e9 um regulamento que substituir\u00e1 o atual LOPD a partir de maio de 2018, e em conformidade com este regulamento Massoud El Sayed informa que:<\/p>\n<h3>Quem \u00e9 o Controlador de Dados?<\/h3>\n<p>Detalhes de contato do controlador de dados:<br \/>\nNome: Massoud El Sayed<br \/>\nEndere\u00e7o: 15 Mostafa Kamel, El Talatiny, Haram, Giz\u00e9, Egito<br \/>\nTelefone: +20 114 737 8331<br \/>\nE-mail: <a href=\"mailto:info@guiaturisticoegipto.com\">info@guiaturisticoegipto.com<\/a><\/p>\n<h3>Com que finalidade tratamos os seus dados pessoais?<\/h3>\n<p>Processamos a informa\u00e7\u00e3o que nos fornece para gerir o envio da informa\u00e7\u00e3o que solicita e\/ou fornecer aos interessados promo\u00e7\u00f5es de servi\u00e7os do seu interesse relacionados com o nosso Hotel, o mundo dos vinhos, a gastronomia e a cultura no Priorat.<br \/>\nOs dados ser\u00e3o conservados at\u00e9 que o interessado solicite a sua elimina\u00e7\u00e3o, podendo solicit\u00e1-lo a qualquer momento atrav\u00e9s do envio de um e-mail ou correio para o Respons\u00e1vel pelo Tratamento de Dados. A alta do tratamento tamb\u00e9m ter\u00e1 a aprova\u00e7\u00e3o expressa do usu\u00e1rio.<\/p>\n<h3>Qual \u00e9 a base jur\u00eddica para o tratamento dos seus dados?<\/h3>\n<p>Em conformidade com a atual lei LOPD, adaptada ao Regulamento Geral de Prote\u00e7\u00e3o de Dados publicado em 25 de maio de 2016, e ao pr\u00f3prio RGPD aplic\u00e1vel em maio de 2018.<\/p>\n<p>O CONSENTIMENTO VOLUNT\u00c1RIO, EXPRESSO E PREVIAMENTE INFORMADO do Titular dos Dados, concede a Massoud El Sayed o tratamento dos seus dados pessoais. O titular dos dados pode retirar o consentimento a qualquer momento.<\/p>\n<p>Este consentimento ser\u00e1 obtido de tal forma que o interessado dever\u00e1 validar a caixa de consentimento da Pol\u00edtica de Privacidade de Massoud El Sayed, nos formul\u00e1rios de contacto e, caso o interessado o confirme, validar a entrada como subscritor, atrav\u00e9s de valida\u00e7\u00e3o expressa por email.<\/p>\n<p>A Massoud El Sayed compromete-se a cumprir a sua obriga\u00e7\u00e3o de sigilo dos dados pessoais que recolhe e o seu dever de os conservar, bem como a adotar as medidas necess\u00e1rias para evitar a sua altera\u00e7\u00e3o, perda, tratamento ou acesso n\u00e3o autorizado.<\/p>\n<p>Massoud El Sayed \u00e9 obrigado a fornecer dados pessoais apenas ao titular dos dados, a qualquer momento. Se tal n\u00e3o for feito, a parte interessada pode apresentar uma reclama\u00e7\u00e3o junto de Massoud El Sayed e\/ou da Ag\u00eancia Espanhola de Prote\u00e7\u00e3o de Dados.<\/p>\n<p>A CAL LLOP obriga-se a fornecer dados pessoais quando tal lhe seja solicitado pela autoridade legal competente.<\/p>\n<p>A que destinat\u00e1rios ser\u00e3o divulgados os seus dados?<\/p>\n<p>Massoud El Sayed n\u00e3o transfere os dados a terceiros.<\/p>\n<p>Massoud El Sayed tem a obriga\u00e7\u00e3o de fornecer dados pessoais quando solicitado pela autoridade legal competente.<\/p>\n<p>Com o consentimento expresso do titular dos dados, Massoud El Sayed. , utiliza o servi\u00e7o de Marketing por E-mail da AWeber Systems Inc., que \u00e9 abrangido pelo acordo do Escudo de Prote\u00e7\u00e3o da Privacidade UE-EUA. \u2013 Informa\u00e7\u00f5es dispon\u00edveis em <a href=\"https:\/\/www.aweber.com\/privacy.htm\" rel=\"noopener\">www.aweber.com\/privacy.htm<\/a><\/p>\n<p>A \u00fanica finalidade desta transfer\u00eancia \u00e9 a gest\u00e3o de dados para o envio de informa\u00e7\u00f5es oportunas \u00e0 parte interessada, relacionadas com os servi\u00e7os de Massoud El Sayed.<\/p>\n<h3>Quais s\u00e3o os seus direitos quando nos fornece os seus dados?<\/h3>\n<p>O interessado poder\u00e1 exercer os seus direitos de acesso, retifica\u00e7\u00e3o, cancelamento e oposi\u00e7\u00e3o ao Tratamento dos seus dados para:<\/p>\n<p>Massoud El Sayed<br \/>\n15 Mostafa Kamel, El Talatiny, Haram, Giz\u00e9, Egito<br \/>\nTelefone: +20 114 737 8331<br \/>\nE-mail: <a href=\"mailto:info@guiaturisticoegipto.com\">info@guiaturisticoegipto.com<\/a><\/p>\n<p>Qualquer pessoa tem o direito de obter confirma\u00e7\u00e3o sobre se est\u00e1 em Massoud El Sayed. Estamos a tratar dados pessoais que lhes dizem respeito, ou n\u00e3o.<\/p>\n<p>Em determinadas circunst\u00e2ncias e por motivos relacionados com a sua situa\u00e7\u00e3o particular, os titulares dos dados podem opor-se ao tratamento dos seus dados. Massoud El Sayed cessar\u00e1 o tratamento dos dados, exceto por raz\u00f5es leg\u00edtimas imperiosas, ou pelo exerc\u00edcio ou defesa de poss\u00edveis reivindica\u00e7\u00f5es.<\/p>\n<p>Se o titular dos dados considerar que existe um problema com a forma como os seus dados est\u00e3o a ser tratados, tem o direito de dirigir as suas reclama\u00e7\u00f5es \u00e0 Ag\u00eancia Espanhola de Prote\u00e7\u00e3o de Dados.<\/p>\n<p>Massoud El Sayed n\u00e3o aceita dados pessoais de pessoas menores. Massoud El Sayed. se isenta de qualquer responsabilidade por um titular de dados menor que tenha enviado dados pessoais a Massoud El Sayed.<\/p>\n<p>Todas as informa\u00e7\u00f5es que nos fornecer devem ser verdadeiras. Para tal, garante a autenticidade de todos os dados que comunica. Em qualquer caso, voc\u00ea ser\u00e1 o \u00fanico respons\u00e1vel por quaisquer declara\u00e7\u00f5es falsas ou imprecisas que fizer e por qualquer dano que possa causar a Massoud El Sayed. ou terceiros pelas informa\u00e7\u00f5es que fornecer.<\/p>\n<h2>3. PROPRIEDADE INTELECTUAL E INDUSTRIAL<\/h2>\n<p>Todos os conte\u00fados do site, incluindo, entre outros, textos, fotografias, gr\u00e1ficos, imagens, \u00edcones, tecnologia, software, links e outros conte\u00fados audiovisuais ou sonoros, bem como o seu design gr\u00e1fico e c\u00f3digos-fonte, s\u00e3o propriedade intelectual de Massoud El Sayed ou de terceiros, e nenhum dos direitos de explora\u00e7\u00e3o sobre os mesmos pode ser entendido como tendo sido transferido para al\u00e9m do estritamente necess\u00e1rio para o uso correto do site.<\/p>\n<p>As marcas registadas, nomes comerciais ou sinais distintivos s\u00e3o propriedade de Massoud El Sayed ou de terceiros, e n\u00e3o se pode entender que o acesso ao site confira qualquer direito sobre as marcas registadas, nomes comerciais e\/ou sinais distintivos acima mencionados.<\/p>\n<\/div><\/div><\/div><\/div><\/div><\/div><\/div><\/section>\n","protected":false},"excerpt":{"rendered":"Aviso Legal \u2013 Privacidade e Prote\u00e7\u00e3o de Dados 1. INFORMA\u00c7\u00d5ES GERAIS Dados gerais e de contacto: Massoud El Sayed , residente em 15 Mostafa Kamel, El Talatiny, Haram, Giz\u00e9, Egito Telefone: +20 114 737 8331 E-mail: info@guiaturisticoegipto.com 2. PRIVACIDADE E PROTE\u00c7\u00c3O DE DADOS De acordo com a Lei Org\u00e2nica 15\/1999, de 13 de dezembro, sobre...","protected":false},"author":1,"featured_media":0,"parent":0,"menu_order":0,"comment_status":"closed","ping_status":"open","template":"","meta":{"footnotes":""},"class_list":["post-341","page","type-page","status-publish","hentry"],"yoast_head":"<!-- This site is optimized with the Yoast SEO plugin v21.7 - https:\/\/yoast.com\/wordpress\/plugins\/seo\/ -->\n<title>Pol\u00edtica de Privacidade - Gu\u00eda tur\u00edstico Egipto<\/title>\n<meta name=\"robots\" content=\"noindex, follow\" \/>\n<meta property=\"og:locale\" content=\"pt_PT\" \/>\n<meta property=\"og:type\" content=\"article\" \/>\n<meta property=\"og:title\" content=\"Pol\u00edtica de Privacidade - Gu\u00eda tur\u00edstico Egipto\" \/>\n<meta property=\"og:url\" content=\"https:\/\/guiaturisticoegipto.com\/pt-pt\/politica-de-privacidade\/\" \/>\n<meta property=\"og:site_name\" content=\"Gu\u00eda tur\u00edstico Egipto\" \/>\n<meta property=\"article:modified_time\" content=\"2024-02-16T19:05:53+00:00\" \/>\n<meta name=\"twitter:card\" content=\"summary_large_image\" \/>\n<meta name=\"twitter:label1\" content=\"Tempo estimado de leitura\" \/>\n\t<meta name=\"twitter:data1\" content=\"5 minutos\" \/>\n<script type=\"application\/ld+json\" class=\"yoast-schema-graph\">{\"@context\":\"https:\/\/schema.org\",\"@graph\":[{\"@type\":\"WebPage\",\"@id\":\"https:\/\/guiaturisticoegipto.com\/pt-pt\/politica-de-privacidade\/\",\"url\":\"https:\/\/guiaturisticoegipto.com\/pt-pt\/politica-de-privacidade\/\",\"name\":\"Pol\u00edtica de Privacidade - Gu\u00eda tur\u00edstico Egipto\",\"isPartOf\":{\"@id\":\"https:\/\/guiaturisticoegipto.com\/pt-pt\/#website\"},\"datePublished\":\"2023-12-06T15:45:58+00:00\",\"dateModified\":\"2024-02-16T19:05:53+00:00\",\"breadcrumb\":{\"@id\":\"https:\/\/guiaturisticoegipto.com\/pt-pt\/politica-de-privacidade\/#breadcrumb\"},\"inLanguage\":\"pt-PT\",\"potentialAction\":[{\"@type\":\"ReadAction\",\"target\":[\"https:\/\/guiaturisticoegipto.com\/pt-pt\/politica-de-privacidade\/\"]}]},{\"@type\":\"BreadcrumbList\",\"@id\":\"https:\/\/guiaturisticoegipto.com\/pt-pt\/politica-de-privacidade\/#breadcrumb\",\"itemListElement\":[{\"@type\":\"ListItem\",\"position\":1,\"name\":\"Portada\",\"item\":\"https:\/\/guiaturisticoegipto.com\/pt-pt\/\"},{\"@type\":\"ListItem\",\"position\":2,\"name\":\"Pol\u00edtica de Privacidade\"}]},{\"@type\":\"WebSite\",\"@id\":\"https:\/\/guiaturisticoegipto.com\/pt-pt\/#website\",\"url\":\"https:\/\/guiaturisticoegipto.com\/pt-pt\/\",\"name\":\"Gu\u00eda tur\u00edstico Egipto\",\"description\":\"\",\"publisher\":{\"@id\":\"https:\/\/guiaturisticoegipto.com\/pt-pt\/#organization\"},\"potentialAction\":[{\"@type\":\"SearchAction\",\"target\":{\"@type\":\"EntryPoint\",\"urlTemplate\":\"https:\/\/guiaturisticoegipto.com\/pt-pt\/?s={search_term_string}\"},\"query-input\":\"required name=search_term_string\"}],\"inLanguage\":\"pt-PT\"},{\"@type\":\"Organization\",\"@id\":\"https:\/\/guiaturisticoegipto.com\/pt-pt\/#organization\",\"name\":\"Gu\u00eda tur\u00edstico Egipto\",\"url\":\"https:\/\/guiaturisticoegipto.com\/pt-pt\/\",\"logo\":{\"@type\":\"ImageObject\",\"inLanguage\":\"pt-PT\",\"@id\":\"https:\/\/guiaturisticoegipto.com\/pt-pt\/#\/schema\/logo\/image\/\",\"url\":\"https:\/\/guiaturisticoegipto.com\/wp-content\/uploads\/2023\/12\/logo.png\",\"contentUrl\":\"https:\/\/guiaturisticoegipto.com\/wp-content\/uploads\/2023\/12\/logo.png\",\"width\":723,\"height\":150,\"caption\":\"Gu\u00eda tur\u00edstico Egipto\"},\"image\":{\"@id\":\"https:\/\/guiaturisticoegipto.com\/pt-pt\/#\/schema\/logo\/image\/\"},\"sameAs\":[\"https:\/\/www.instagram.com\/egipto_viajesespanolportougues\/\"]}]}<\/script>\n<!-- \/ Yoast SEO plugin. -->","yoast_head_json":{"title":"Pol\u00edtica de Privacidade - Gu\u00eda tur\u00edstico Egipto","robots":{"index":"noindex","follow":"follow"},"og_locale":"pt_PT","og_type":"article","og_title":"Pol\u00edtica de Privacidade - Gu\u00eda tur\u00edstico Egipto","og_url":"https:\/\/guiaturisticoegipto.com\/pt-pt\/politica-de-privacidade\/","og_site_name":"Gu\u00eda tur\u00edstico Egipto","article_modified_time":"2024-02-16T19:05:53+00:00","twitter_card":"summary_large_image","twitter_misc":{"Tempo estimado de leitura":"5 minutos"},"schema":{"@context":"https:\/\/schema.org","@graph":[{"@type":"WebPage","@id":"https:\/\/guiaturisticoegipto.com\/pt-pt\/politica-de-privacidade\/","url":"https:\/\/guiaturisticoegipto.com\/pt-pt\/politica-de-privacidade\/","name":"Pol\u00edtica de Privacidade - Gu\u00eda tur\u00edstico Egipto","isPartOf":{"@id":"https:\/\/guiaturisticoegipto.com\/pt-pt\/#website"},"datePublished":"2023-12-06T15:45:58+00:00","dateModified":"2024-02-16T19:05:53+00:00","breadcrumb":{"@id":"https:\/\/guiaturisticoegipto.com\/pt-pt\/politica-de-privacidade\/#breadcrumb"},"inLanguage":"pt-PT","potentialAction":[{"@type":"ReadAction","target":["https:\/\/guiaturisticoegipto.com\/pt-pt\/politica-de-privacidade\/"]}]},{"@type":"BreadcrumbList","@id":"https:\/\/guiaturisticoegipto.com\/pt-pt\/politica-de-privacidade\/#breadcrumb","itemListElement":[{"@type":"ListItem","position":1,"name":"Portada","item":"https:\/\/guiaturisticoegipto.com\/pt-pt\/"},{"@type":"ListItem","position":2,"name":"Pol\u00edtica de Privacidade"}]},{"@type":"WebSite","@id":"https:\/\/guiaturisticoegipto.com\/pt-pt\/#website","url":"https:\/\/guiaturisticoegipto.com\/pt-pt\/","name":"Gu\u00eda tur\u00edstico Egipto","description":"","publisher":{"@id":"https:\/\/guiaturisticoegipto.com\/pt-pt\/#organization"},"potentialAction":[{"@type":"SearchAction","target":{"@type":"EntryPoint","urlTemplate":"https:\/\/guiaturisticoegipto.com\/pt-pt\/?s={search_term_string}"},"query-input":"required name=search_term_string"}],"inLanguage":"pt-PT"},{"@type":"Organization","@id":"https:\/\/guiaturisticoegipto.com\/pt-pt\/#organization","name":"Gu\u00eda tur\u00edstico Egipto","url":"https:\/\/guiaturisticoegipto.com\/pt-pt\/","logo":{"@type":"ImageObject","inLanguage":"pt-PT","@id":"https:\/\/guiaturisticoegipto.com\/pt-pt\/#\/schema\/logo\/image\/","url":"https:\/\/guiaturisticoegipto.com\/wp-content\/uploads\/2023\/12\/logo.png","contentUrl":"https:\/\/guiaturisticoegipto.com\/wp-content\/uploads\/2023\/12\/logo.png","width":723,"height":150,"caption":"Gu\u00eda tur\u00edstico Egipto"},"image":{"@id":"https:\/\/guiaturisticoegipto.com\/pt-pt\/#\/schema\/logo\/image\/"},"sameAs":["https:\/\/www.instagram.com\/egipto_viajesespanolportougues\/"]}]}},"_links":{"self":[{"href":"https:\/\/guiaturisticoegipto.com\/pt-pt\/wp-json\/wp\/v2\/pages\/341","targetHints":{"allow":["GET"]}}],"collection":[{"href":"https:\/\/guiaturisticoegipto.com\/pt-pt\/wp-json\/wp\/v2\/pages"}],"about":[{"href":"https:\/\/guiaturisticoegipto.com\/pt-pt\/wp-json\/wp\/v2\/types\/page"}],"author":[{"embeddable":true,"href":"https:\/\/guiaturisticoegipto.com\/pt-pt\/wp-json\/wp\/v2\/users\/1"}],"replies":[{"embeddable":true,"href":"https:\/\/guiaturisticoegipto.com\/pt-pt\/wp-json\/wp\/v2\/comments?post=341"}],"version-history":[{"count":4,"href":"https:\/\/guiaturisticoegipto.com\/pt-pt\/wp-json\/wp\/v2\/pages\/341\/revisions"}],"predecessor-version":[{"id":345,"href":"https:\/\/guiaturisticoegipto.com\/pt-pt\/wp-json\/wp\/v2\/pages\/341\/revisions\/345"}],"wp:attachment":[{"href":"https:\/\/guiaturisticoegipto.com\/pt-pt\/wp-json\/wp\/v2\/media?parent=341"}],"curies":[{"name":"wp","href":"https:\/\/api.w.org\/{rel}","templated":true}]}}