{"id":334,"date":"2023-12-08T13:31:05","date_gmt":"2023-12-08T12:31:05","guid":{"rendered":"https:\/\/guiaturisticoegipto.com\/destinos\/"},"modified":"2024-02-16T20:05:48","modified_gmt":"2024-02-16T19:05:48","slug":"destinos","status":"publish","type":"page","link":"https:\/\/guiaturisticoegipto.com\/pt-pt\/destinos\/","title":{"rendered":"Destinos"},"content":{"rendered":"<section class=\"l-section wpb_row height_auto full_height valign_bottom color_alternate with_img parallax_ver parallax_xpos_right\" id=\"Introdu\u00e7\u00e3o\"><div class=\"l-section-img\" role=\"img\" data-img-width=\"1900\" data-img-height=\"962\" style=\"background-image: url(https:\/\/guiaturisticoegipto.com\/wp-content\/uploads\/2023\/12\/destinos-egipto.jpg);background-position: center right;background-repeat: no-repeat;\"><\/div><div class=\"l-section-overlay\" style=\"background:linear-gradient(180deg,rgba(255,255,255,0),rgba(255,255,255,0.25))\"><\/div><div class=\"l-section-h i-cf\"><div class=\"g-cols vc_row via_flex valign_middle type_default stacking_default\"><div class=\"vc_col-sm-12 wpb_column vc_column_container\"><div class=\"vc_column-inner\"><div class=\"wpb_wrapper\"><div class=\"g-cols wpb_row via_flex valign_middle type_default stacking_default\"><div class=\"vc_col-sm-8 wpb_column vc_column_container\"><div class=\"vc_column-inner us_custom_b53a5b85\"><div class=\"wpb_wrapper\"><h1 class=\"w-text us_custom_b8b544a6\"><span class=\"w-text-h\"><span class=\"w-text-value\">CIDADES EM EGITO<\/span><\/span><\/h1><div class=\"wpb_text_column us_custom_740b3b12 has_text_color\"><div class=\"wpb_wrapper\"><p>Explore os tesouros do Egito: as lend\u00e1rias Pir\u00e2mides de Giz\u00e9, o majestoso Rio Nilo e os antigos templos de Luxor e Karnak. Mergulhe na fascinante hist\u00f3ria fara\u00f4nica e maravilhe-se com os mist\u00e9rios do Vale dos Reis.<\/p>\n<p>Descubra a vida vibrante no Cairo e mergulhe na beleza do Mar Vermelho com seus recifes de coral. O Egito \u00e9 um caldeir\u00e3o de monumentos antigos, cultura vibrante e paisagens cativantes que prometem uma aventura inesquec\u00edvel.<\/p>\n<\/div><\/div><div class=\"w-separator size_small\"><\/div><\/div><\/div><\/div><div class=\"vc_col-sm-4 wpb_column vc_column_container\"><div class=\"vc_column-inner\"><div class=\"wpb_wrapper\"><\/div><\/div><\/div><\/div><div class=\"w-separator size_small\"><\/div><\/div><\/div><\/div><\/div><\/div><\/section><section class=\"l-section wpb_row us_custom_72fc42ef height_auto\"><div class=\"l-section-h i-cf\"><div class=\"g-cols vc_row via_flex valign_top type_default stacking_default\"><div class=\"vc_col-sm-12 wpb_column vc_column_container\"><div class=\"vc_column-inner\"><div class=\"wpb_wrapper\"><div class=\"w-grid type_grid layout_portfolio_2 cols_3 ratio_1x1\" id=\"us_grid_1\" style=\"--gap:1.5rem;\" data-filterable=\"true\"><style>@media (max-width:1024px){#us_grid_1 .w-grid-item{width:50%}#us_grid_1 .w-grid-item.size_2x1,#us_grid_1 .w-grid-item.size_2x2{width:100%}}@media (max-width:600px){#us_grid_1 .w-grid-list{margin:0}#us_grid_1 .w-grid-item{width:100%;padding:0;margin-bottom:var(--gap,0px)}}.layout_portfolio_2 .w-grid-item-h:before{padding-bottom:100%}@media (min-width:601px){.layout_portfolio_2 .w-grid-item.size_1x2 .w-grid-item-h:before{padding-bottom:calc(200% + var(--gap,0px) * 2)}.layout_portfolio_2 .w-grid-item.size_2x1 .w-grid-item-h:before{padding-bottom:calc(50% - var(--gap,0px) * 1)}.layout_portfolio_2 .w-grid-item.size_2x2 .w-grid-item-h:before{padding-bottom:calc(100% - var(--gap,0px) * 0)}}.layout_portfolio_2 .w-grid-item-h{background:#333}.layout_portfolio_2 .usg_post_image_1{transition-duration:0.35s;transform-origin:50% 50%;transform:scale(1) translate(0%,0%)}.layout_portfolio_2 .w-grid-item-h:hover .usg_post_image_1{transform:scale(1.1) translate(0%,0%);opacity:0.1}.layout_portfolio_2 .usg_post_image_1{position:absolute!important;top:0!important;right:0!important;bottom:0!important;left:0!important}.layout_portfolio_2 .usg_vwrapper_1{position:absolute!important;right:0!important;bottom:0!important;left:0!important;background:linear-gradient(transparent,rgba(30,30,30,0.8))!important;padding:4rem 2rem 1.5rem 2rem!important}.layout_portfolio_2 .usg_post_title_1{color:#fff!important;font-size:1.2rem!important}.layout_portfolio_2 .usg_post_taxonomy_1{color:#fff!important;font-size:0.9rem!important}<\/style><div class=\"w-grid-list\">\t<article class=\"w-grid-item size_1x1 post-370 us_portfolio type-us_portfolio status-publish has-post-thumbnail hentry\" data-id=\"370\">\r\n\t\t<div class=\"w-grid-item-h\">\r\n\t\t\t\t\t\t\t<a href=\"https:\/\/guiaturisticoegipto.com\/pt-pt\/destinos\/piramides-de-gize-guia-turistico\/\" class=\"w-grid-item-anchor\" aria-label=\"Pir\u00e2mides de Giz\u00e9 Guia Tur\u00edstico\"><\/a>\r\n\t\t\t\t\t\t<div class=\"w-post-elm post_image usg_post_image_1 stretched\"><img loading=\"lazy\" decoding=\"async\" width=\"1024\" height=\"376\" src=\"https:\/\/guiaturisticoegipto.com\/wp-content\/uploads\/2023\/12\/guia-turistico-piramides-guiza-1024x376.jpg\" class=\"attachment-large size-large wp-post-image\" alt=\"\" srcset=\"https:\/\/guiaturisticoegipto.com\/wp-content\/uploads\/2023\/12\/guia-turistico-piramides-guiza-1024x376.jpg 1024w, https:\/\/guiaturisticoegipto.com\/wp-content\/uploads\/2023\/12\/guia-turistico-piramides-guiza-300x110.jpg 300w, https:\/\/guiaturisticoegipto.com\/wp-content\/uploads\/2023\/12\/guia-turistico-piramides-guiza.jpg 1900w\" sizes=\"auto, (max-width: 1024px) 100vw, 1024px\" \/><\/div><div class=\"w-vwrapper usg_vwrapper_1 align_none valign_top\"><h2 class=\"w-post-elm post_title usg_post_title_1 has_text_color entry-title color_link_inherit\">Pir\u00e2mides de Giz\u00e9 Guia Tur\u00edstico<\/h2><\/div>\t\t<\/div>\r\n\t<\/article>\r\n\t<article class=\"w-grid-item size_1x1 post-377 us_portfolio type-us_portfolio status-publish has-post-thumbnail hentry\" data-id=\"377\">\r\n\t\t<div class=\"w-grid-item-h\">\r\n\t\t\t\t\t\t\t<a href=\"https:\/\/guiaturisticoegipto.com\/pt-pt\/destinos\/abu-simbel-guia-turistico\/\" class=\"w-grid-item-anchor\" aria-label=\"Abu Simbel Guia Tur\u00edstico\"><\/a>\r\n\t\t\t\t\t\t<div class=\"w-post-elm post_image usg_post_image_1 stretched\"><img loading=\"lazy\" decoding=\"async\" width=\"1024\" height=\"596\" src=\"https:\/\/guiaturisticoegipto.com\/wp-content\/uploads\/2023\/12\/guia-turistico-abu-simbel-1024x596.jpg\" class=\"attachment-large size-large wp-post-image\" alt=\"\" srcset=\"https:\/\/guiaturisticoegipto.com\/wp-content\/uploads\/2023\/12\/guia-turistico-abu-simbel-1024x596.jpg 1024w, https:\/\/guiaturisticoegipto.com\/wp-content\/uploads\/2023\/12\/guia-turistico-abu-simbel-300x174.jpg 300w, https:\/\/guiaturisticoegipto.com\/wp-content\/uploads\/2023\/12\/guia-turistico-abu-simbel.jpg 1900w\" sizes=\"auto, (max-width: 1024px) 100vw, 1024px\" \/><\/div><div class=\"w-vwrapper usg_vwrapper_1 align_none valign_top\"><h2 class=\"w-post-elm post_title usg_post_title_1 has_text_color entry-title color_link_inherit\">Abu Simbel Guia Tur\u00edstico<\/h2><\/div>\t\t<\/div>\r\n\t<\/article>\r\n\t<article class=\"w-grid-item size_1x1 post-384 us_portfolio type-us_portfolio status-publish has-post-thumbnail hentry\" data-id=\"384\">\r\n\t\t<div class=\"w-grid-item-h\">\r\n\t\t\t\t\t\t\t<a href=\"https:\/\/guiaturisticoegipto.com\/pt-pt\/destinos\/luxor-guia-turistico\/\" class=\"w-grid-item-anchor\" aria-label=\"Luxor Guia Tur\u00edstico\"><\/a>\r\n\t\t\t\t\t\t<div class=\"w-post-elm post_image usg_post_image_1 stretched\"><img loading=\"lazy\" decoding=\"async\" width=\"1024\" height=\"397\" src=\"https:\/\/guiaturisticoegipto.com\/wp-content\/uploads\/2023\/12\/guia-turistico-luxor-1024x397.jpg\" class=\"attachment-large size-large wp-post-image\" alt=\"\" srcset=\"https:\/\/guiaturisticoegipto.com\/wp-content\/uploads\/2023\/12\/guia-turistico-luxor-1024x397.jpg 1024w, https:\/\/guiaturisticoegipto.com\/wp-content\/uploads\/2023\/12\/guia-turistico-luxor-300x116.jpg 300w, https:\/\/guiaturisticoegipto.com\/wp-content\/uploads\/2023\/12\/guia-turistico-luxor.jpg 1900w\" sizes=\"auto, (max-width: 1024px) 100vw, 1024px\" \/><\/div><div class=\"w-vwrapper usg_vwrapper_1 align_none valign_top\"><h2 class=\"w-post-elm post_title usg_post_title_1 has_text_color entry-title color_link_inherit\">Luxor Guia Tur\u00edstico<\/h2><\/div>\t\t<\/div>\r\n\t<\/article>\r\n\t<article class=\"w-grid-item size_1x1 post-364 us_portfolio type-us_portfolio status-publish has-post-thumbnail hentry\" data-id=\"364\">\r\n\t\t<div class=\"w-grid-item-h\">\r\n\t\t\t\t\t\t\t<a href=\"https:\/\/guiaturisticoegipto.com\/pt-pt\/destinos\/cairo-guia-turistico\/\" class=\"w-grid-item-anchor\" aria-label=\"Cairo Guia Tur\u00edstico\"><\/a>\r\n\t\t\t\t\t\t<div class=\"w-post-elm post_image usg_post_image_1 stretched\"><img loading=\"lazy\" decoding=\"async\" width=\"1024\" height=\"534\" src=\"https:\/\/guiaturisticoegipto.com\/wp-content\/uploads\/2023\/12\/guia-turistico-cairo-1024x534.jpg\" class=\"attachment-large size-large wp-post-image\" alt=\"\" srcset=\"https:\/\/guiaturisticoegipto.com\/wp-content\/uploads\/2023\/12\/guia-turistico-cairo-1024x534.jpg 1024w, https:\/\/guiaturisticoegipto.com\/wp-content\/uploads\/2023\/12\/guia-turistico-cairo-300x156.jpg 300w, https:\/\/guiaturisticoegipto.com\/wp-content\/uploads\/2023\/12\/guia-turistico-cairo.jpg 1900w\" sizes=\"auto, (max-width: 1024px) 100vw, 1024px\" \/><\/div><div class=\"w-vwrapper usg_vwrapper_1 align_none valign_top\"><h2 class=\"w-post-elm post_title usg_post_title_1 has_text_color entry-title color_link_inherit\">Cairo Guia Tur\u00edstico<\/h2><\/div>\t\t<\/div>\r\n\t<\/article>\r\n\t<article class=\"w-grid-item size_1x1 post-392 us_portfolio type-us_portfolio status-publish has-post-thumbnail hentry\" data-id=\"392\">\r\n\t\t<div class=\"w-grid-item-h\">\r\n\t\t\t\t\t\t\t<a href=\"https:\/\/guiaturisticoegipto.com\/pt-pt\/destinos\/guia-turistico-do-mar-vermelho\/\" class=\"w-grid-item-anchor\" aria-label=\"Guia Tur\u00edstico do Mar Vermelho\"><\/a>\r\n\t\t\t\t\t\t<div class=\"w-post-elm post_image usg_post_image_1 stretched\"><img loading=\"lazy\" decoding=\"async\" width=\"1024\" height=\"380\" src=\"https:\/\/guiaturisticoegipto.com\/wp-content\/uploads\/2023\/12\/guia-turistico-mar-rojo-1024x380.jpg\" class=\"attachment-large size-large wp-post-image\" alt=\"\" srcset=\"https:\/\/guiaturisticoegipto.com\/wp-content\/uploads\/2023\/12\/guia-turistico-mar-rojo-1024x380.jpg 1024w, https:\/\/guiaturisticoegipto.com\/wp-content\/uploads\/2023\/12\/guia-turistico-mar-rojo-300x111.jpg 300w, https:\/\/guiaturisticoegipto.com\/wp-content\/uploads\/2023\/12\/guia-turistico-mar-rojo.jpg 1900w\" sizes=\"auto, (max-width: 1024px) 100vw, 1024px\" \/><\/div><div class=\"w-vwrapper usg_vwrapper_1 align_none valign_top\"><h2 class=\"w-post-elm post_title usg_post_title_1 has_text_color entry-title color_link_inherit\">Guia Tur\u00edstico do Mar Vermelho<\/h2><\/div>\t\t<\/div>\r\n\t<\/article>\r\n<\/div><div class=\"w-grid-preloader\">\t<div class=\"g-preloader type_1\">\r\n\t\t<div><\/div>\r\n\t<\/div>\r\n\t<\/div>\t<div class=\"w-grid-json hidden\" onclick='return {&quot;action&quot;:&quot;us_ajax_grid&quot;,&quot;ajax_url&quot;:&quot;https:\\\/\\\/guiaturisticoegipto.com\\\/wp-admin\\\/admin-ajax.php&quot;,&quot;infinite_scroll&quot;:0,&quot;max_num_pages&quot;:1,&quot;pagination&quot;:&quot;none&quot;,&quot;template_vars&quot;:{&quot;columns&quot;:&quot;3&quot;,&quot;exclude_items&quot;:&quot;none&quot;,&quot;img_size&quot;:&quot;default&quot;,&quot;ignore_items_size&quot;:0,&quot;items_layout&quot;:&quot;portfolio_2&quot;,&quot;items_offset&quot;:&quot;1&quot;,&quot;load_animation&quot;:&quot;none&quot;,&quot;overriding_link&quot;:&quot;%7B%22type%22%3A%22post%22%7D&quot;,&quot;post_id&quot;:0,&quot;query_args&quot;:{&quot;post_type&quot;:[&quot;us_portfolio&quot;],&quot;post_status&quot;:[&quot;publish&quot;],&quot;posts_per_page&quot;:&quot;6&quot;},&quot;orderby_query_args&quot;:{&quot;orderby&quot;:{&quot;date&quot;:&quot;DESC&quot;}},&quot;type&quot;:&quot;grid&quot;,&quot;us_grid_ajax_index&quot;:1,&quot;us_grid_filter_params&quot;:[],&quot;us_grid_index&quot;:1,&quot;_us_grid_post_type&quot;:&quot;us_portfolio&quot;,&quot;page_args&quot;:[],&quot;lang&quot;:&quot;pt-pt&quot;}}'><\/div>\r\n\t<\/div><\/div><\/div><\/div><\/div><\/div><\/section><section class=\"l-section wpb_row height_medium\"><div class=\"l-section-h i-cf\"><div class=\"g-cols vc_row via_flex valign_top type_default stacking_default\"><div class=\"vc_col-sm-12 wpb_column vc_column_container\"><div class=\"vc_column-inner\"><div class=\"wpb_wrapper\"><\/div><\/div><\/div><\/div><\/div><\/section>\n","protected":false},"excerpt":{"rendered":"GUIA TUR\u00cdSTICO DO MAR VERMELHOBem-vindo ao Mar Vermelho, de Hurghada a Sharm El Sheikh, cada canto do Mar Vermelho oferece um espet\u00e1culo subaqu\u00e1tico \u00fanico. Mergulhe no calor de suas \u00e1guas para descobrir os tesouros escondidos entre corais e peixes tropicais coloridos VER MAISCONTATOGUIA PRIVADO NO MAR VERMELHOViagens sob medida no Egito. Guia privado no Egito....","protected":false},"author":1,"featured_media":0,"parent":0,"menu_order":0,"comment_status":"closed","ping_status":"closed","template":"","meta":{"footnotes":""},"class_list":["post-334","page","type-page","status-publish","hentry"],"yoast_head":"<!-- This site is optimized with the Yoast SEO plugin v21.7 - https:\/\/yoast.com\/wordpress\/plugins\/seo\/ -->\n<title>Destinos - Gu\u00eda tur\u00edstico Egipto<\/title>\n<meta name=\"description\" content=\"Alguns dos destinos mais importantes do Egito, como um dos pa\u00edses mais importantes em termos de turismo no mundo\" \/>\n<meta name=\"robots\" content=\"index, follow, max-snippet:-1, max-image-preview:large, max-video-preview:-1\" \/>\n<link rel=\"canonical\" href=\"https:\/\/guiaturisticoegipto.com\/pt-pt\/destinos\/\" \/>\n<meta property=\"og:locale\" content=\"pt_PT\" \/>\n<meta property=\"og:type\" content=\"article\" \/>\n<meta property=\"og:title\" content=\"Destinos - Gu\u00eda tur\u00edstico Egipto\" \/>\n<meta property=\"og:description\" content=\"Alguns dos destinos mais importantes do Egito, como um dos pa\u00edses mais importantes em termos de turismo no mundo\" \/>\n<meta property=\"og:url\" content=\"https:\/\/guiaturisticoegipto.com\/pt-pt\/destinos\/\" \/>\n<meta property=\"og:site_name\" content=\"Gu\u00eda tur\u00edstico Egipto\" \/>\n<meta property=\"article:modified_time\" content=\"2024-02-16T19:05:48+00:00\" \/>\n<meta name=\"twitter:card\" content=\"summary_large_image\" \/>\n<meta name=\"twitter:label1\" content=\"Tempo estimado de leitura\" \/>\n\t<meta name=\"twitter:data1\" content=\"2 minutos\" \/>\n<script type=\"application\/ld+json\" class=\"yoast-schema-graph\">{\"@context\":\"https:\/\/schema.org\",\"@graph\":[{\"@type\":\"WebPage\",\"@id\":\"https:\/\/guiaturisticoegipto.com\/pt-pt\/destinos\/\",\"url\":\"https:\/\/guiaturisticoegipto.com\/pt-pt\/destinos\/\",\"name\":\"Destinos - Gu\u00eda tur\u00edstico Egipto\",\"isPartOf\":{\"@id\":\"https:\/\/guiaturisticoegipto.com\/pt-pt\/#website\"},\"datePublished\":\"2023-12-08T12:31:05+00:00\",\"dateModified\":\"2024-02-16T19:05:48+00:00\",\"description\":\"Alguns dos destinos mais importantes do Egito, como um dos pa\u00edses mais importantes em termos de turismo no mundo\",\"breadcrumb\":{\"@id\":\"https:\/\/guiaturisticoegipto.com\/pt-pt\/destinos\/#breadcrumb\"},\"inLanguage\":\"pt-PT\",\"potentialAction\":[{\"@type\":\"ReadAction\",\"target\":[\"https:\/\/guiaturisticoegipto.com\/pt-pt\/destinos\/\"]}]},{\"@type\":\"BreadcrumbList\",\"@id\":\"https:\/\/guiaturisticoegipto.com\/pt-pt\/destinos\/#breadcrumb\",\"itemListElement\":[{\"@type\":\"ListItem\",\"position\":1,\"name\":\"Portada\",\"item\":\"https:\/\/guiaturisticoegipto.com\/pt-pt\/\"},{\"@type\":\"ListItem\",\"position\":2,\"name\":\"Destinos\"}]},{\"@type\":\"WebSite\",\"@id\":\"https:\/\/guiaturisticoegipto.com\/pt-pt\/#website\",\"url\":\"https:\/\/guiaturisticoegipto.com\/pt-pt\/\",\"name\":\"Gu\u00eda tur\u00edstico Egipto\",\"description\":\"\",\"publisher\":{\"@id\":\"https:\/\/guiaturisticoegipto.com\/pt-pt\/#organization\"},\"potentialAction\":[{\"@type\":\"SearchAction\",\"target\":{\"@type\":\"EntryPoint\",\"urlTemplate\":\"https:\/\/guiaturisticoegipto.com\/pt-pt\/?s={search_term_string}\"},\"query-input\":\"required name=search_term_string\"}],\"inLanguage\":\"pt-PT\"},{\"@type\":\"Organization\",\"@id\":\"https:\/\/guiaturisticoegipto.com\/pt-pt\/#organization\",\"name\":\"Gu\u00eda tur\u00edstico Egipto\",\"url\":\"https:\/\/guiaturisticoegipto.com\/pt-pt\/\",\"logo\":{\"@type\":\"ImageObject\",\"inLanguage\":\"pt-PT\",\"@id\":\"https:\/\/guiaturisticoegipto.com\/pt-pt\/#\/schema\/logo\/image\/\",\"url\":\"https:\/\/guiaturisticoegipto.com\/wp-content\/uploads\/2023\/12\/logo.png\",\"contentUrl\":\"https:\/\/guiaturisticoegipto.com\/wp-content\/uploads\/2023\/12\/logo.png\",\"width\":723,\"height\":150,\"caption\":\"Gu\u00eda tur\u00edstico Egipto\"},\"image\":{\"@id\":\"https:\/\/guiaturisticoegipto.com\/pt-pt\/#\/schema\/logo\/image\/\"},\"sameAs\":[\"https:\/\/www.instagram.com\/egipto_viajesespanolportougues\/\"]}]}<\/script>\n<!-- \/ Yoast SEO plugin. -->","yoast_head_json":{"title":"Destinos - Gu\u00eda tur\u00edstico Egipto","description":"Alguns dos destinos mais importantes do Egito, como um dos pa\u00edses mais importantes em termos de turismo no mundo","robots":{"index":"index","follow":"follow","max-snippet":"max-snippet:-1","max-image-preview":"max-image-preview:large","max-video-preview":"max-video-preview:-1"},"canonical":"https:\/\/guiaturisticoegipto.com\/pt-pt\/destinos\/","og_locale":"pt_PT","og_type":"article","og_title":"Destinos - Gu\u00eda tur\u00edstico Egipto","og_description":"Alguns dos destinos mais importantes do Egito, como um dos pa\u00edses mais importantes em termos de turismo no mundo","og_url":"https:\/\/guiaturisticoegipto.com\/pt-pt\/destinos\/","og_site_name":"Gu\u00eda tur\u00edstico Egipto","article_modified_time":"2024-02-16T19:05:48+00:00","twitter_card":"summary_large_image","twitter_misc":{"Tempo estimado de leitura":"2 minutos"},"schema":{"@context":"https:\/\/schema.org","@graph":[{"@type":"WebPage","@id":"https:\/\/guiaturisticoegipto.com\/pt-pt\/destinos\/","url":"https:\/\/guiaturisticoegipto.com\/pt-pt\/destinos\/","name":"Destinos - Gu\u00eda tur\u00edstico Egipto","isPartOf":{"@id":"https:\/\/guiaturisticoegipto.com\/pt-pt\/#website"},"datePublished":"2023-12-08T12:31:05+00:00","dateModified":"2024-02-16T19:05:48+00:00","description":"Alguns dos destinos mais importantes do Egito, como um dos pa\u00edses mais importantes em termos de turismo no mundo","breadcrumb":{"@id":"https:\/\/guiaturisticoegipto.com\/pt-pt\/destinos\/#breadcrumb"},"inLanguage":"pt-PT","potentialAction":[{"@type":"ReadAction","target":["https:\/\/guiaturisticoegipto.com\/pt-pt\/destinos\/"]}]},{"@type":"BreadcrumbList","@id":"https:\/\/guiaturisticoegipto.com\/pt-pt\/destinos\/#breadcrumb","itemListElement":[{"@type":"ListItem","position":1,"name":"Portada","item":"https:\/\/guiaturisticoegipto.com\/pt-pt\/"},{"@type":"ListItem","position":2,"name":"Destinos"}]},{"@type":"WebSite","@id":"https:\/\/guiaturisticoegipto.com\/pt-pt\/#website","url":"https:\/\/guiaturisticoegipto.com\/pt-pt\/","name":"Gu\u00eda tur\u00edstico Egipto","description":"","publisher":{"@id":"https:\/\/guiaturisticoegipto.com\/pt-pt\/#organization"},"potentialAction":[{"@type":"SearchAction","target":{"@type":"EntryPoint","urlTemplate":"https:\/\/guiaturisticoegipto.com\/pt-pt\/?s={search_term_string}"},"query-input":"required name=search_term_string"}],"inLanguage":"pt-PT"},{"@type":"Organization","@id":"https:\/\/guiaturisticoegipto.com\/pt-pt\/#organization","name":"Gu\u00eda tur\u00edstico Egipto","url":"https:\/\/guiaturisticoegipto.com\/pt-pt\/","logo":{"@type":"ImageObject","inLanguage":"pt-PT","@id":"https:\/\/guiaturisticoegipto.com\/pt-pt\/#\/schema\/logo\/image\/","url":"https:\/\/guiaturisticoegipto.com\/wp-content\/uploads\/2023\/12\/logo.png","contentUrl":"https:\/\/guiaturisticoegipto.com\/wp-content\/uploads\/2023\/12\/logo.png","width":723,"height":150,"caption":"Gu\u00eda tur\u00edstico Egipto"},"image":{"@id":"https:\/\/guiaturisticoegipto.com\/pt-pt\/#\/schema\/logo\/image\/"},"sameAs":["https:\/\/www.instagram.com\/egipto_viajesespanolportougues\/"]}]}},"_links":{"self":[{"href":"https:\/\/guiaturisticoegipto.com\/pt-pt\/wp-json\/wp\/v2\/pages\/334","targetHints":{"allow":["GET"]}}],"collection":[{"href":"https:\/\/guiaturisticoegipto.com\/pt-pt\/wp-json\/wp\/v2\/pages"}],"about":[{"href":"https:\/\/guiaturisticoegipto.com\/pt-pt\/wp-json\/wp\/v2\/types\/page"}],"author":[{"embeddable":true,"href":"https:\/\/guiaturisticoegipto.com\/pt-pt\/wp-json\/wp\/v2\/users\/1"}],"replies":[{"embeddable":true,"href":"https:\/\/guiaturisticoegipto.com\/pt-pt\/wp-json\/wp\/v2\/comments?post=334"}],"version-history":[{"count":2,"href":"https:\/\/guiaturisticoegipto.com\/pt-pt\/wp-json\/wp\/v2\/pages\/334\/revisions"}],"predecessor-version":[{"id":340,"href":"https:\/\/guiaturisticoegipto.com\/pt-pt\/wp-json\/wp\/v2\/pages\/334\/revisions\/340"}],"wp:attachment":[{"href":"https:\/\/guiaturisticoegipto.com\/pt-pt\/wp-json\/wp\/v2\/media?parent=334"}],"curies":[{"name":"wp","href":"https:\/\/api.w.org\/{rel}","templated":true}]}}