{"id":332,"date":"2023-12-08T13:31:41","date_gmt":"2023-12-08T12:31:41","guid":{"rendered":"https:\/\/guiaturisticoegipto.com\/contato\/"},"modified":"2024-02-16T20:05:47","modified_gmt":"2024-02-16T19:05:47","slug":"contato","status":"publish","type":"page","link":"https:\/\/guiaturisticoegipto.com\/pt-pt\/contato\/","title":{"rendered":"Contato"},"content":{"rendered":"<section class=\"l-section wpb_row height_huge with_img\"><div class=\"l-section-img\" role=\"img\" data-img-width=\"1900\" data-img-height=\"886\" style=\"background-image: url(https:\/\/guiaturisticoegipto.com\/wp-content\/uploads\/2023\/12\/guia-turistico-contacto.jpg);\"><\/div><div class=\"l-section-h i-cf\"><div class=\"g-cols vc_row via_flex valign_top type_default stacking_default\"><div class=\"vc_col-sm-12 wpb_column vc_column_container\"><div class=\"vc_column-inner\"><div class=\"wpb_wrapper\"><h1 class=\"w-text us_custom_4ef5d74c has_text_color\"><span class=\"w-text-h\"><span class=\"w-text-value\">FALE COMIGO<\/span><\/span><\/h1><\/div><\/div><\/div><\/div><\/div><\/section><section class=\"l-section wpb_row height_auto\"><div class=\"l-section-h i-cf\"><div class=\"g-cols vc_row via_flex valign_top type_default stacking_default\"><div class=\"vc_col-sm-12 wpb_column vc_column_container\"><div class=\"vc_column-inner\"><div class=\"wpb_wrapper\"><div class=\"w-separator size_large\"><\/div><div class=\"g-cols wpb_row via_flex valign_top type_default stacking_default\"><div class=\"vc_col-sm-12 wpb_column vc_column_container\"><div class=\"vc_column-inner\"><div class=\"wpb_wrapper\"><h2 class=\"w-text us_custom_80ad2e0c\"><span class=\"w-text-h\"><span class=\"w-text-value\">FORMUL\u00c1RIO &amp; INFORMA\u00c7\u00d5ES DE CONTACTO<\/span><\/span><\/h2><\/div><\/div><\/div><\/div><div class=\"w-separator size_medium\"><\/div><div class=\"g-cols wpb_row via_flex valign_top type_default stacking_default\"><div class=\"vc_col-sm-2 wpb_column vc_column_container\"><div class=\"vc_column-inner\"><div class=\"wpb_wrapper\"><\/div><\/div><\/div><div class=\"vc_col-sm-8 wpb_column vc_column_container\"><div class=\"vc_column-inner\"><div class=\"wpb_wrapper\"><div class=\"wpb_text_column\"><div class=\"wpb_wrapper\"><p style=\"text-align: center;\"><strong>Whatsapp: <\/strong><a class=\"tfnoContacto\" href=\"https:\/\/api.whatsapp.com\/send\/?phone=+201147378331&amp;text=Contacto+a+trav%C3%A9s+de+la+web&amp;type=phone_number&amp;app_absent=0\">+201147378331<\/a><strong> | E-mail: <\/strong><a class=\"emailContacto\" href=\"mailto:info@guiaturisticoegipto.com\">info@guiaturisticoegipto.com<\/a><\/p>\n<\/div><\/div><div class=\"w-separator size_medium\"><\/div>\n<div class=\"wpcf7 no-js\" id=\"wpcf7-f406-o1\" lang=\"pt-PT\" dir=\"ltr\">\n<div class=\"screen-reader-response\"><p role=\"status\" aria-live=\"polite\" aria-atomic=\"true\"><\/p> <ul><\/ul><\/div>\n<form action=\"\/pt-pt\/wp-json\/wp\/v2\/pages\/332#wpcf7-f406-o1\" method=\"post\" class=\"wpcf7-form init\" aria-label=\"Formul\u00e1rio de contacto\" novalidate=\"novalidate\" data-status=\"init\">\n<div style=\"display: none;\">\n<input type=\"hidden\" name=\"_wpcf7\" value=\"406\" \/>\n<input type=\"hidden\" name=\"_wpcf7_version\" value=\"5.8.4\" \/>\n<input type=\"hidden\" name=\"_wpcf7_locale\" value=\"pt_PT\" \/>\n<input type=\"hidden\" name=\"_wpcf7_unit_tag\" value=\"wpcf7-f406-o1\" \/>\n<input type=\"hidden\" name=\"_wpcf7_container_post\" value=\"0\" \/>\n<input type=\"hidden\" name=\"_wpcf7_posted_data_hash\" value=\"\" \/>\n<input type=\"hidden\" name=\"_wpcf7_recaptcha_response\" value=\"\" \/>\n<\/div>\n<p><label> O teu nome<br \/>\n<span class=\"wpcf7-form-control-wrap\" data-name=\"your-name\"><input size=\"40\" class=\"wpcf7-form-control wpcf7-text wpcf7-validates-as-required\" autocomplete=\"name\" aria-required=\"true\" aria-invalid=\"false\" value=\"\" type=\"text\" name=\"your-name\" \/><\/span> <\/label>\n<\/p>\n<p><label> O seu endere\u00e7o de e-mail<br \/>\n<span class=\"wpcf7-form-control-wrap\" data-name=\"your-email\"><input size=\"40\" class=\"wpcf7-form-control wpcf7-email wpcf7-validates-as-required wpcf7-text wpcf7-validates-as-email\" autocomplete=\"email\" aria-required=\"true\" aria-invalid=\"false\" value=\"\" type=\"email\" name=\"your-email\" \/><\/span> <\/label>\n<\/p>\n<p><label> Caso<br \/>\n<span class=\"wpcf7-form-control-wrap\" data-name=\"your-subject\"><input size=\"40\" class=\"wpcf7-form-control wpcf7-text wpcf7-validates-as-required\" aria-required=\"true\" aria-invalid=\"false\" value=\"\" type=\"text\" name=\"your-subject\" \/><\/span> <\/label>\n<\/p>\n<p><label> A sua mensagem (opcional)<br \/>\n<span class=\"wpcf7-form-control-wrap\" data-name=\"your-message\"><textarea cols=\"40\" rows=\"10\" class=\"wpcf7-form-control wpcf7-textarea\" aria-invalid=\"false\" name=\"your-message\"><\/textarea><\/span> <\/label>\n<\/p>\n<p><input class=\"wpcf7-form-control wpcf7-submit has-spinner\" type=\"submit\" value=\"Enviar\" \/>\n<\/p><div class=\"wpcf7-response-output\" aria-hidden=\"true\"><\/div>\n<\/form>\n<\/div>\n<\/div><\/div><\/div><div class=\"vc_col-sm-2 wpb_column vc_column_container\"><div class=\"vc_column-inner\"><div class=\"wpb_wrapper\"><\/div><\/div><\/div><\/div><\/div><\/div><\/div><\/div><\/div><\/section>\n","protected":false},"excerpt":{"rendered":"FALE COMIGOFORMUL\u00c1RIO &amp; INFORMA\u00c7\u00d5ES DE CONTACTOWhatsapp: +201147378331 | E-mail: info@guiaturisticoegipto.com O teu nome O seu endere\u00e7o de e-mail Caso A sua mensagem (opcional)","protected":false},"author":1,"featured_media":0,"parent":0,"menu_order":0,"comment_status":"closed","ping_status":"closed","template":"","meta":{"footnotes":""},"class_list":["post-332","page","type-page","status-publish","hentry"],"yoast_head":"<!-- This site is optimized with the Yoast SEO plugin v21.7 - https:\/\/yoast.com\/wordpress\/plugins\/seo\/ -->\n<title>Contato - Gu\u00eda tur\u00edstico Egipto<\/title>\n<meta name=\"description\" content=\"Contacte-me: Massoud El Sayed Whatsapp: +201147378331 | E-mail: info@guiaturisticoegipto.com\" \/>\n<meta name=\"robots\" content=\"index, follow, max-snippet:-1, max-image-preview:large, max-video-preview:-1\" \/>\n<link rel=\"canonical\" href=\"https:\/\/guiaturisticoegipto.com\/pt-pt\/contato\/\" \/>\n<meta property=\"og:locale\" content=\"pt_PT\" \/>\n<meta property=\"og:type\" content=\"article\" \/>\n<meta property=\"og:title\" content=\"Contato - Gu\u00eda tur\u00edstico Egipto\" \/>\n<meta property=\"og:description\" content=\"Contacte-me: Massoud El Sayed Whatsapp: +201147378331 | E-mail: info@guiaturisticoegipto.com\" \/>\n<meta property=\"og:url\" content=\"https:\/\/guiaturisticoegipto.com\/pt-pt\/contato\/\" \/>\n<meta property=\"og:site_name\" content=\"Gu\u00eda tur\u00edstico Egipto\" \/>\n<meta property=\"article:modified_time\" content=\"2024-02-16T19:05:47+00:00\" \/>\n<meta name=\"twitter:card\" content=\"summary_large_image\" \/>\n<meta name=\"twitter:label1\" content=\"Tempo estimado de leitura\" \/>\n\t<meta name=\"twitter:data1\" content=\"1 minuto\" \/>\n<script type=\"application\/ld+json\" class=\"yoast-schema-graph\">{\"@context\":\"https:\/\/schema.org\",\"@graph\":[{\"@type\":\"WebPage\",\"@id\":\"https:\/\/guiaturisticoegipto.com\/pt-pt\/contato\/\",\"url\":\"https:\/\/guiaturisticoegipto.com\/pt-pt\/contato\/\",\"name\":\"Contato - Gu\u00eda tur\u00edstico Egipto\",\"isPartOf\":{\"@id\":\"https:\/\/guiaturisticoegipto.com\/pt-pt\/#website\"},\"datePublished\":\"2023-12-08T12:31:41+00:00\",\"dateModified\":\"2024-02-16T19:05:47+00:00\",\"description\":\"Contacte-me: Massoud El Sayed Whatsapp: +201147378331 | E-mail: info@guiaturisticoegipto.com\",\"breadcrumb\":{\"@id\":\"https:\/\/guiaturisticoegipto.com\/pt-pt\/contato\/#breadcrumb\"},\"inLanguage\":\"pt-PT\",\"potentialAction\":[{\"@type\":\"ReadAction\",\"target\":[\"https:\/\/guiaturisticoegipto.com\/pt-pt\/contato\/\"]}]},{\"@type\":\"BreadcrumbList\",\"@id\":\"https:\/\/guiaturisticoegipto.com\/pt-pt\/contato\/#breadcrumb\",\"itemListElement\":[{\"@type\":\"ListItem\",\"position\":1,\"name\":\"Portada\",\"item\":\"https:\/\/guiaturisticoegipto.com\/pt-pt\/\"},{\"@type\":\"ListItem\",\"position\":2,\"name\":\"Contato\"}]},{\"@type\":\"WebSite\",\"@id\":\"https:\/\/guiaturisticoegipto.com\/pt-pt\/#website\",\"url\":\"https:\/\/guiaturisticoegipto.com\/pt-pt\/\",\"name\":\"Gu\u00eda tur\u00edstico Egipto\",\"description\":\"\",\"publisher\":{\"@id\":\"https:\/\/guiaturisticoegipto.com\/pt-pt\/#organization\"},\"potentialAction\":[{\"@type\":\"SearchAction\",\"target\":{\"@type\":\"EntryPoint\",\"urlTemplate\":\"https:\/\/guiaturisticoegipto.com\/pt-pt\/?s={search_term_string}\"},\"query-input\":\"required name=search_term_string\"}],\"inLanguage\":\"pt-PT\"},{\"@type\":\"Organization\",\"@id\":\"https:\/\/guiaturisticoegipto.com\/pt-pt\/#organization\",\"name\":\"Gu\u00eda tur\u00edstico Egipto\",\"url\":\"https:\/\/guiaturisticoegipto.com\/pt-pt\/\",\"logo\":{\"@type\":\"ImageObject\",\"inLanguage\":\"pt-PT\",\"@id\":\"https:\/\/guiaturisticoegipto.com\/pt-pt\/#\/schema\/logo\/image\/\",\"url\":\"https:\/\/guiaturisticoegipto.com\/wp-content\/uploads\/2023\/12\/logo.png\",\"contentUrl\":\"https:\/\/guiaturisticoegipto.com\/wp-content\/uploads\/2023\/12\/logo.png\",\"width\":723,\"height\":150,\"caption\":\"Gu\u00eda tur\u00edstico Egipto\"},\"image\":{\"@id\":\"https:\/\/guiaturisticoegipto.com\/pt-pt\/#\/schema\/logo\/image\/\"},\"sameAs\":[\"https:\/\/www.instagram.com\/egipto_viajesespanolportougues\/\"]}]}<\/script>\n<!-- \/ Yoast SEO plugin. -->","yoast_head_json":{"title":"Contato - Gu\u00eda tur\u00edstico Egipto","description":"Contacte-me: Massoud El Sayed Whatsapp: +201147378331 | E-mail: info@guiaturisticoegipto.com","robots":{"index":"index","follow":"follow","max-snippet":"max-snippet:-1","max-image-preview":"max-image-preview:large","max-video-preview":"max-video-preview:-1"},"canonical":"https:\/\/guiaturisticoegipto.com\/pt-pt\/contato\/","og_locale":"pt_PT","og_type":"article","og_title":"Contato - Gu\u00eda tur\u00edstico Egipto","og_description":"Contacte-me: Massoud El Sayed Whatsapp: +201147378331 | E-mail: info@guiaturisticoegipto.com","og_url":"https:\/\/guiaturisticoegipto.com\/pt-pt\/contato\/","og_site_name":"Gu\u00eda tur\u00edstico Egipto","article_modified_time":"2024-02-16T19:05:47+00:00","twitter_card":"summary_large_image","twitter_misc":{"Tempo estimado de leitura":"1 minuto"},"schema":{"@context":"https:\/\/schema.org","@graph":[{"@type":"WebPage","@id":"https:\/\/guiaturisticoegipto.com\/pt-pt\/contato\/","url":"https:\/\/guiaturisticoegipto.com\/pt-pt\/contato\/","name":"Contato - Gu\u00eda tur\u00edstico Egipto","isPartOf":{"@id":"https:\/\/guiaturisticoegipto.com\/pt-pt\/#website"},"datePublished":"2023-12-08T12:31:41+00:00","dateModified":"2024-02-16T19:05:47+00:00","description":"Contacte-me: Massoud El Sayed Whatsapp: +201147378331 | E-mail: info@guiaturisticoegipto.com","breadcrumb":{"@id":"https:\/\/guiaturisticoegipto.com\/pt-pt\/contato\/#breadcrumb"},"inLanguage":"pt-PT","potentialAction":[{"@type":"ReadAction","target":["https:\/\/guiaturisticoegipto.com\/pt-pt\/contato\/"]}]},{"@type":"BreadcrumbList","@id":"https:\/\/guiaturisticoegipto.com\/pt-pt\/contato\/#breadcrumb","itemListElement":[{"@type":"ListItem","position":1,"name":"Portada","item":"https:\/\/guiaturisticoegipto.com\/pt-pt\/"},{"@type":"ListItem","position":2,"name":"Contato"}]},{"@type":"WebSite","@id":"https:\/\/guiaturisticoegipto.com\/pt-pt\/#website","url":"https:\/\/guiaturisticoegipto.com\/pt-pt\/","name":"Gu\u00eda tur\u00edstico Egipto","description":"","publisher":{"@id":"https:\/\/guiaturisticoegipto.com\/pt-pt\/#organization"},"potentialAction":[{"@type":"SearchAction","target":{"@type":"EntryPoint","urlTemplate":"https:\/\/guiaturisticoegipto.com\/pt-pt\/?s={search_term_string}"},"query-input":"required name=search_term_string"}],"inLanguage":"pt-PT"},{"@type":"Organization","@id":"https:\/\/guiaturisticoegipto.com\/pt-pt\/#organization","name":"Gu\u00eda tur\u00edstico Egipto","url":"https:\/\/guiaturisticoegipto.com\/pt-pt\/","logo":{"@type":"ImageObject","inLanguage":"pt-PT","@id":"https:\/\/guiaturisticoegipto.com\/pt-pt\/#\/schema\/logo\/image\/","url":"https:\/\/guiaturisticoegipto.com\/wp-content\/uploads\/2023\/12\/logo.png","contentUrl":"https:\/\/guiaturisticoegipto.com\/wp-content\/uploads\/2023\/12\/logo.png","width":723,"height":150,"caption":"Gu\u00eda tur\u00edstico Egipto"},"image":{"@id":"https:\/\/guiaturisticoegipto.com\/pt-pt\/#\/schema\/logo\/image\/"},"sameAs":["https:\/\/www.instagram.com\/egipto_viajesespanolportougues\/"]}]}},"_links":{"self":[{"href":"https:\/\/guiaturisticoegipto.com\/pt-pt\/wp-json\/wp\/v2\/pages\/332","targetHints":{"allow":["GET"]}}],"collection":[{"href":"https:\/\/guiaturisticoegipto.com\/pt-pt\/wp-json\/wp\/v2\/pages"}],"about":[{"href":"https:\/\/guiaturisticoegipto.com\/pt-pt\/wp-json\/wp\/v2\/types\/page"}],"author":[{"embeddable":true,"href":"https:\/\/guiaturisticoegipto.com\/pt-pt\/wp-json\/wp\/v2\/users\/1"}],"replies":[{"embeddable":true,"href":"https:\/\/guiaturisticoegipto.com\/pt-pt\/wp-json\/wp\/v2\/comments?post=332"}],"version-history":[{"count":2,"href":"https:\/\/guiaturisticoegipto.com\/pt-pt\/wp-json\/wp\/v2\/pages\/332\/revisions"}],"predecessor-version":[{"id":338,"href":"https:\/\/guiaturisticoegipto.com\/pt-pt\/wp-json\/wp\/v2\/pages\/332\/revisions\/338"}],"wp:attachment":[{"href":"https:\/\/guiaturisticoegipto.com\/pt-pt\/wp-json\/wp\/v2\/media?parent=332"}],"curies":[{"name":"wp","href":"https:\/\/api.w.org\/{rel}","templated":true}]}}